{"id":61042,"date":"2023-10-02T10:01:46","date_gmt":"2023-10-02T10:01:46","guid":{"rendered":"https:\/\/fmed.eu\/product\/amino-energy-zero-z-elektroliti-aminokisline-v-prahu-360g-biotechusa-kopija\/"},"modified":"2026-01-06T12:35:47","modified_gmt":"2026-01-06T10:35:47","slug":"amino-energy-zero-z-elektroliti-aminokisline-v-prahu-360g-biotechusa-kopija","status":"publish","type":"product","link":"https:\/\/fmed.eu\/hr\/proizvod\/amino-energy-zero-z-elektroliti-aminokisline-v-prahu-360g-biotechusa-kopija\/","title":{"rendered":"Amino Energy Zero z elektroliti, aminokisline v prahu 360g, BioTechUSA: limeta"},"content":{"rendered":"<p>Amino Energy Zero z elektroliti, aminokisline v prahu 360g, BioTechUSA, mango-ananas<\/p>\n<p>Esencialne aminokisline, od katerih je znanih 9, so za \u010dlove\u0161ko telo nepogre\u0161ljive, vendar ne moremo sintetizirati nobene ali le nezadostne koli\u010dine teh snovi. Zato je \u0161e posebej pomembno zagotoviti njihov vnos iz zunanjih virov &#8211; najbolje v optimalnih koli\u010dinah in razmerjih.<\/p>\n<p>Pogojno esencialne aminokisline<\/p>\n<p>Pogojno esencialne aminokisline so tiste, ki jih lahko telo samo proizvaja, kot na primer L-Glutamin, L-Arginin in L-Tirozin, ki so prav tako vsebovane v na\u0161em izdelku. Dodaten vnos teh aminokislin lahko koristi v dolo\u010denih okoli\u0161\u010dinah, na primer med visoko intenzivnimi ali dolgotrajnimi treningi. V takih primerih telo morda potrebuje ve\u010d aminokislin, kot jih lahko trenutno proizvede.<\/p>\n<p>Elektroliti in vitamin B6<\/p>\n<p>Intenzivni trening iz\u010drpava ne samo zaloge glikogena v mi\u0161icah, temve\u010d tudi vodo in mineralne zaloge telesa, ki jih je treba obnoviti. Najpogostej\u0161i elektroliti, ki jih najdemo v \u010dlove\u0161kem telesu, so kalcij, natrij, kalij, fosfor, klorid in magnezij. Vsebnost magnezija v izdelku pomaga telesu vzdr\u017eevati ravnote\u017eje elektrolitov, prispeva k normalnemu delovanju mi\u0161ic in psihi\u010dnim funkcijam. Vitamin B6 in magnezij, vklju\u010dena v izdelek, spodbujata redno proizvodnjo energije kot del presnove in zmanj\u0161ujeta utrujenost.<\/p>\n<p>Kot vsi izdelki BioTechUSA, Amino Energy Zero z elektroliti sestoji iz varnih in skrbno izbranih sestavin.<\/p>\n<p>Sestavine izdelka vklju\u010dujejo vsako od 9 esencialnih aminokislin (z razmerjem 2:1:1 BCAA), skupaj z Beta-Alaninom, prekurzorjem priljubljene snovi karnozina. Edinstven kompleks aminokislin vklju\u010duje tudi 3 pogojno esencialne aminokisline: L-Glutamin, L-Arginin in L-Tirozin, ki so vsaka odli\u010dna pomo\u010d pri vsaki zahtevni vadbi, tudi samostojno. Izdelek vsebuje tudi kompleksno kombinacijo stimulansov, vklju\u010dno s kofeinom iz 2 razli\u010dnih rastlinskih izvle\u010dkov. Vendar ne vsebuje ve\u010d kofeina kot mo\u010dna skodelica kave. Aminokislina taurin, ki deluje v sinergiji s kofeinom, je prav tako dodana izdelku. Izdelek Amino Energy Zero+Electrolytes vsebuje tudi vsako od 6 razli\u010dnih vrst elektrolitov, ki zagotavljajo pravilno hidracijo.<\/p>\n","protected":false},"excerpt":{"rendered":"<p id=\"tw-target-text\" class=\"tw-data-text tw-text-large tw-ta\" dir=\"ltr\" data-placeholder=\"Prevod\" data-ved=\"2ahUKEwiXltfH5NuBAxXQYPEDHZPpAXgQ3ewLegQIBhAQ\"><span class=\"Y2IQFc\" lang=\"sl\">Prehransko dopolnilo v prahu s kofeinom, esencialnimi in pogojno esencialnimi aminokislinami, elektroliti, vitaminom B6 in sladilom.<\/span><\/p>\n","protected":false},"featured_media":61043,"comment_status":"open","ping_status":"closed","template":"","meta":[],"etheme_brands":[{"term_id":4782,"name":"BioTechUSA","slug":"biotechusa","term_group":0,"term_taxonomy_id":4782,"taxonomy":"brand","description":"","parent":0,"count":3,"filter":"raw"}],"product_brand":[],"product_cat":[3722,3732,3733,3875,5385,3885,3725,3755,3811],"product_tag":[5663,5471,5768,5565,5500,5441,5444,5710],"class_list":{"0":"post-61042","1":"product","2":"type-product","3":"status-publish","4":"has-post-thumbnail","6":"brand-biotechusa","7":"product_cat-antioksidanti","8":"product_cat-energija-in-motivacija","9":"product_cat-imunski-sistem","10":"product_cat-novo-v-ponudbi","11":"product_cat-sportna-prehrana-regeneracija","12":"product_cat-stres","13":"product_cat-vitamini-in-minerali","14":"product_cat-vnetja-avtoimune-bolezni","15":"product_cat-whey","16":"product_tag-aminokisline","17":"product_tag-antioksidant","18":"product_tag-elektroliti","19":"product_tag-hormoni","20":"product_tag-imunski-sistem","21":"product_tag-kosti","22":"product_tag-lasje","23":"product_tag-sport","25":"first","26":"outofstock","27":"taxable","28":"shipping-taxable","29":"purchasable","30":"product-type-variable"},"_links":{"self":[{"href":"https:\/\/fmed.eu\/hr\/wp-json\/wp\/v2\/product\/61042","targetHints":{"allow":["GET"]}}],"collection":[{"href":"https:\/\/fmed.eu\/hr\/wp-json\/wp\/v2\/product"}],"about":[{"href":"https:\/\/fmed.eu\/hr\/wp-json\/wp\/v2\/types\/product"}],"replies":[{"embeddable":true,"href":"https:\/\/fmed.eu\/hr\/wp-json\/wp\/v2\/comments?post=61042"}],"version-history":[{"count":1,"href":"https:\/\/fmed.eu\/hr\/wp-json\/wp\/v2\/product\/61042\/revisions"}],"predecessor-version":[{"id":69222,"href":"https:\/\/fmed.eu\/hr\/wp-json\/wp\/v2\/product\/61042\/revisions\/69222"}],"wp:featuredmedia":[{"embeddable":true,"href":"https:\/\/fmed.eu\/hr\/wp-json\/wp\/v2\/media\/61043"}],"wp:attachment":[{"href":"https:\/\/fmed.eu\/hr\/wp-json\/wp\/v2\/media?parent=61042"}],"wp:term":[{"taxonomy":"brand","embeddable":true,"href":"https:\/\/fmed.eu\/hr\/wp-json\/wp\/v2\/etheme_brands?post=61042"},{"taxonomy":"product_brand","embeddable":true,"href":"https:\/\/fmed.eu\/hr\/wp-json\/wp\/v2\/product_brand?post=61042"},{"taxonomy":"product_cat","embeddable":true,"href":"https:\/\/fmed.eu\/hr\/wp-json\/wp\/v2\/product_cat?post=61042"},{"taxonomy":"product_tag","embeddable":true,"href":"https:\/\/fmed.eu\/hr\/wp-json\/wp\/v2\/product_tag?post=61042"}],"curies":[{"name":"wp","href":"https:\/\/api.w.org\/{rel}","templated":true}]}}