{"id":61082,"date":"2023-10-23T11:02:08","date_gmt":"2023-10-23T11:02:08","guid":{"rendered":"https:\/\/fmed.eu\/product\/doctors-best-glucosamine-glukozamin-hondroitin-msm-vegan\/"},"modified":"2025-04-22T13:04:49","modified_gmt":"2025-04-22T11:04:49","slug":"doctors-best-glucosamine-glukozamin-hondroitin-msm-vegan","status":"publish","type":"product","link":"https:\/\/fmed.eu\/hr\/proizvod\/doctors-best-glucosamine-glukozamin-hondroitin-msm-vegan\/","title":{"rendered":"Doctor&#8217;s Best, Glucosamine, Glukozamin, hondroitin, MSM, vegan 120 kapsul"},"content":{"rendered":"<p>Doctor&#8217;s Best Glukozamin, hondroitin in MSM, vegan<\/p>\n<p>Izredno kvalitetna me\u0161anica glukozamina, hodroitina in MSM v optimalnih razmerjih z dodatkom mangana, namenjna zdravju kosti in sklepov ter vezi in tetiv . Tak\u0161en izdelek priporo\u010da tudi Dr. Feil v njegovi knjigi Premagajmo artrozo in bole\u010dine v sklepih .<\/p>\n<p>Glukozamin<\/p>\n<p>Glukozamin (glucosamine) je amino sladkor in prekurzor biokemi\u010dne sinteze glikoziliranih beljakovin in lipidov. Je del strukture polisaharidov citosana in citina. Najve\u010d se ga nahaja v lupinah \u0161koljk, kosteh in kostnem mezgu.<\/p>\n<p>Glukozamin je verjetno najbolj znano in priporo\u010deno dopolnilo k prehrani za izbolj\u0161anje zdravje sklepov in kosti. Priporo\u010den je pri bole\u010dinah v kri\u017eu, kolenu in drugih sklepih, ki trpijo zaradi po\u0161kodbe, obrabe ali drugega.<\/p>\n<p>Hondroitin<\/p>\n<p>Hondroitin (chondroitin sulfate) sodi med obliko sladkorjev, ki so vgrajeni v hrustanec. Glukosamin je glavni prena\u0161alec kompresijskih sil v sklepih. Hondroitin se u\u010dinkovito absorbira v \u010drevesju in njegova biorazpolo\u017eljivost je med 15 in 24%.<\/p>\n<p>MSM<\/p>\n<p>MSM (metil sulfonil metan) je organska spojina z \u017eveplom. \u0160tevilne raziskave so potrdile, da je MSM netoksi\u010den in ne povzro\u010da stranskih u\u010dinkov vsaj do odmerkov 6g dnevno.<\/p>\n","protected":false},"excerpt":{"rendered":"<p>Izredno kvalitetna kombinacija glukozamina, hondoritina, MSM-a in mangana za zdrave sklepe, kosti, vezi in tetive.<\/p>\n","protected":false},"featured_media":61083,"comment_status":"open","ping_status":"closed","template":"","meta":[],"etheme_brands":[{"term_id":4643,"name":"Doctor's Best","slug":"doctors-best","term_group":0,"term_taxonomy_id":4643,"taxonomy":"brand","description":"Doctor's Best je znamka, ki so jo leta 1990 ustanovili zdravniki. Podjetje ponuja ve\u010d kot 200 izdelkov, katerih ve\u010dina je narejenih iz sestavin lastne blagovne znamke. Podjetje se lahko pohvali z izdelki, ki jih odlikujejo standardi najvi\u0161je kakovosti.","parent":0,"count":32,"filter":"raw"}],"product_brand":[],"product_cat":[3726],"product_tag":[5554,5555,5556,5557,5441,5558,5559,5560,5455],"class_list":{"0":"post-61082","1":"product","2":"type-product","3":"status-publish","4":"has-post-thumbnail","6":"brand-doctors-best","7":"product_cat-vnetja-kosti-in-sklepi","8":"product_tag-bolecine-v-hrbtenici","9":"product_tag-glukozamin","10":"product_tag-hondoritin","11":"product_tag-kolki","12":"product_tag-kosti","13":"product_tag-kriz","14":"product_tag-msm","15":"product_tag-osteoporoza","16":"product_tag-sklepi","18":"first","19":"outofstock","20":"taxable","21":"shipping-taxable","22":"purchasable","23":"product-type-simple"},"_links":{"self":[{"href":"https:\/\/fmed.eu\/hr\/wp-json\/wp\/v2\/product\/61082","targetHints":{"allow":["GET"]}}],"collection":[{"href":"https:\/\/fmed.eu\/hr\/wp-json\/wp\/v2\/product"}],"about":[{"href":"https:\/\/fmed.eu\/hr\/wp-json\/wp\/v2\/types\/product"}],"replies":[{"embeddable":true,"href":"https:\/\/fmed.eu\/hr\/wp-json\/wp\/v2\/comments?post=61082"}],"version-history":[{"count":1,"href":"https:\/\/fmed.eu\/hr\/wp-json\/wp\/v2\/product\/61082\/revisions"}],"predecessor-version":[{"id":69219,"href":"https:\/\/fmed.eu\/hr\/wp-json\/wp\/v2\/product\/61082\/revisions\/69219"}],"wp:featuredmedia":[{"embeddable":true,"href":"https:\/\/fmed.eu\/hr\/wp-json\/wp\/v2\/media\/61083"}],"wp:attachment":[{"href":"https:\/\/fmed.eu\/hr\/wp-json\/wp\/v2\/media?parent=61082"}],"wp:term":[{"taxonomy":"brand","embeddable":true,"href":"https:\/\/fmed.eu\/hr\/wp-json\/wp\/v2\/etheme_brands?post=61082"},{"taxonomy":"product_brand","embeddable":true,"href":"https:\/\/fmed.eu\/hr\/wp-json\/wp\/v2\/product_brand?post=61082"},{"taxonomy":"product_cat","embeddable":true,"href":"https:\/\/fmed.eu\/hr\/wp-json\/wp\/v2\/product_cat?post=61082"},{"taxonomy":"product_tag","embeddable":true,"href":"https:\/\/fmed.eu\/hr\/wp-json\/wp\/v2\/product_tag?post=61082"}],"curies":[{"name":"wp","href":"https:\/\/api.w.org\/{rel}","templated":true}]}}