{"id":61112,"date":"2023-11-20T11:54:07","date_gmt":"2023-11-20T11:54:07","guid":{"rendered":"https:\/\/fmed.eu\/product\/now-foods-metil-folat-1000-mcg-90-tablet\/"},"modified":"2025-04-22T13:04:48","modified_gmt":"2025-04-22T11:04:48","slug":"now-foods-metil-folat-1000-mcg-90-tablet","status":"publish","type":"product","link":"https:\/\/fmed.eu\/hr\/proizvod\/now-foods-metil-folat-1000-mcg-90-tablet\/","title":{"rendered":"Now Foods, Metil Folat 1000 mcg, 90 tablet"},"content":{"rendered":"<p>Now Foods Methyl Folate je prehransko dopolnilo, ki vsebuje metil folat, bioaktivno obliko folata.<\/p>\n<p>1. Metil Folinat (Metil Folate): Methyl folat je bioaktivna in naravna oblika folata, ki jo telo lahko bolje absorbira in uporablja v primerjavi z obi\u010dajno obliko folata (folna kislina). Je naravna oblika vitamina B9.<\/p>\n<p>2. Vloga folata v telesu:<\/p>\n<p>Podpora delitvi celic: Folat je klju\u010den za sintezo DNA in RNA ter sodeluje pri delitvi celic.<br \/>\nPodpora tvorbi rde\u010dih krvnih celic: Pomemben je tudi za tvorbo rde\u010dih krvnih celic v kostnem mozgu.<br \/>\nPodpora zdravju srca: Nekatere \u0161tudije ka\u017eejo, da folat lahko igra vlogo pri zmanj\u0161anju tveganja za sr\u010dno-\u017eilne bolezni.<\/p>\n<p>3. Pomembnost metil folata:<\/p>\n<p>Metil folat je \u0161e posebej pomemben za tiste posameznike, ki imajo te\u017eave z u\u010dinkovitostjo pretvorbe folata v svoji obi\u010dajni obliki v metilirano obliko. Ta proces je klju\u010den za \u0161tevilne presnovne funkcije v telesu.<\/p>\n<p>4. Now Foods:<\/p>\n<p>Now Foods je priznano podjetje, ki proizvaja prehranska dopolnila. Izdelki so pogosto testirani na kakovost, in podjetje sledi strogim standardom.<\/p>\n","protected":false},"excerpt":{"rendered":"<p>Metil folat je biolo\u0161ko aktivna, naravno prisotna oblika folata, ki se uporablja za temeljne funkcije telesa, kot so normalna celi\u010dna delitev in sinteza nevrotransmiterjev ter DNA. Za razliko od obi\u010dajne folne kisline je bilo pokazano, da metilfolat prodre skozi krvno-mo\u017egansko pregrado, kjer pomaga podpirati nevrolo\u0161ko zdravje.<\/p>\n","protected":false},"featured_media":61113,"comment_status":"open","ping_status":"closed","template":"","meta":[],"etheme_brands":[{"term_id":4646,"name":"Now Foods","slug":"now-foods","term_group":0,"term_taxonomy_id":4646,"taxonomy":"brand","description":"Now Foods je dru\u017einsko podjetje, ki je nastalo leta 1968. V podjetju prisegajo na naravne in organske proizvode, kar je uslu\u017ebencem in znamki sami prineslo \u0161tevilne nagrade in priznanja. Osrednji moto podjetja je proizvajati visokokakovostne izdelke, ki so strankam cenovno dostopni.","parent":0,"count":33,"filter":"raw"}],"product_brand":[],"product_cat":[3732,3875,3736],"product_tag":[5469,5773],"class_list":{"0":"post-61112","1":"product","2":"type-product","3":"status-publish","4":"has-post-thumbnail","6":"brand-now-foods","7":"product_cat-energija-in-motivacija","8":"product_cat-novo-v-ponudbi","9":"product_cat-spomin-in-zdravje-mozganov","10":"product_tag-energija","11":"product_tag-folat","13":"first","14":"outofstock","15":"taxable","16":"shipping-taxable","17":"purchasable","18":"product-type-simple"},"_links":{"self":[{"href":"https:\/\/fmed.eu\/hr\/wp-json\/wp\/v2\/product\/61112","targetHints":{"allow":["GET"]}}],"collection":[{"href":"https:\/\/fmed.eu\/hr\/wp-json\/wp\/v2\/product"}],"about":[{"href":"https:\/\/fmed.eu\/hr\/wp-json\/wp\/v2\/types\/product"}],"replies":[{"embeddable":true,"href":"https:\/\/fmed.eu\/hr\/wp-json\/wp\/v2\/comments?post=61112"}],"version-history":[{"count":1,"href":"https:\/\/fmed.eu\/hr\/wp-json\/wp\/v2\/product\/61112\/revisions"}],"predecessor-version":[{"id":69216,"href":"https:\/\/fmed.eu\/hr\/wp-json\/wp\/v2\/product\/61112\/revisions\/69216"}],"wp:featuredmedia":[{"embeddable":true,"href":"https:\/\/fmed.eu\/hr\/wp-json\/wp\/v2\/media\/61113"}],"wp:attachment":[{"href":"https:\/\/fmed.eu\/hr\/wp-json\/wp\/v2\/media?parent=61112"}],"wp:term":[{"taxonomy":"brand","embeddable":true,"href":"https:\/\/fmed.eu\/hr\/wp-json\/wp\/v2\/etheme_brands?post=61112"},{"taxonomy":"product_brand","embeddable":true,"href":"https:\/\/fmed.eu\/hr\/wp-json\/wp\/v2\/product_brand?post=61112"},{"taxonomy":"product_cat","embeddable":true,"href":"https:\/\/fmed.eu\/hr\/wp-json\/wp\/v2\/product_cat?post=61112"},{"taxonomy":"product_tag","embeddable":true,"href":"https:\/\/fmed.eu\/hr\/wp-json\/wp\/v2\/product_tag?post=61112"}],"curies":[{"name":"wp","href":"https:\/\/api.w.org\/{rel}","templated":true}]}}