{"id":61156,"date":"2023-11-23T13:04:21","date_gmt":"2023-11-23T13:04:21","guid":{"rendered":"https:\/\/fmed.eu\/product\/ostrovit-b-kompleks-90-tablet\/"},"modified":"2026-01-06T12:36:30","modified_gmt":"2026-01-06T10:36:30","slug":"ostrovit-b-kompleks-90-tablet","status":"publish","type":"product","link":"https:\/\/fmed.eu\/hr\/proizvod\/ostrovit-b-kompleks-90-tablet\/","title":{"rendered":"OstroVit, B &#8211; kompleks, 90 tablet"},"content":{"rendered":"<p>OstroVit, Vitamin B Complex, 90 tablet<\/p>\n<p>OstroVit Vitamin B Complex je koncentriran vir vitaminov skupine B, ki telesu zagotavlja 1,1 mg tiamina, 1,4 mg riboflavina, 16 mg niacina, 6 mg pantotenske kisline, 1,4 mg vitamina B6, 50 \u03bcg biotina, 200 \u03bcg folne kisline in 2,5 \u03bcg vitamina B12 na odmerek. Dodatno je obogaten z vitaminom C (80 mg L-askorbinske kisline) in vitaminom E (12 mg). 1 odmerek ustreza 1 tableti.<\/p>\n<p>B vitamini so vodotopne spojine, ki jih je treba telesu nenehno zagotavljati, saj jih telo ne more sintetizirati. Poleg tega vsebuje vitamin C in vitamin E, ki dopolnjujeta celovito podporo telesu.<\/p>\n<p>Presnova Energije:<\/p>\n<p>B vitamini skupaj z folno kislino prispevajo k vzdr\u017eevanju normalne presnove energije, podpirajo sposobnost telesa za proizvodnjo energije iz hrane.<\/p>\n<p>Delovanje \u017div\u010dnega Sistema:<\/p>\n<p>Spoje iz skupine B-vitaminov pomagajo pri pravilnem delovanju \u017eiv\u010dnega sistema, spodbujajo optimalno nevrolo\u0161ko zdravje.<\/p>\n<p>Psiholo\u0161ke Funkcije:<\/p>\n<p>Tiamin, niacin, kobalamin in drugi B vitamini podpirajo vzdr\u017eevanje optimalnih psiholo\u0161kih funkcij, prispevajo k du\u0161evnemu po\u010dutju.<\/p>\n<p>Za\u0161\u010dita Pred Oksidativnim Stresom:<\/p>\n<p>Riboflavin pomaga za\u0161\u010dititi celice pred oksidativnim stresom, procesom, ki lahko po\u0161koduje celice in prispeva k razli\u010dnim zdravstvenim te\u017eavam.<\/p>\n<p>Delovanje Srca:<\/p>\n<p>Vitamin B1 podpira pravilno delovanje srca, spodbuja kardiovaskularno zdravje.<\/p>\n<p>Vzdr\u017eevanje Zdrave Ko\u017ee in Vida:<\/p>\n<p>Vitamin B2 (riboflavin) pomaga pri vzdr\u017eevanju normalnih sluznic, rde\u010dih krvnih celic, zdrave ko\u017ee in normalnega vida.<\/p>\n<p>Zmanj\u0161anje Utrujenosti:<\/p>\n<p>Riboflavin in niacin prispevata k zmanj\u0161anju utrujenosti in iz\u010drpanosti.<\/p>\n<p>Sinteza in Presnova:<\/p>\n<p>Pantotenska kislina vpliva na sintezo in presnovo steroidnih hormonov, vitamina D in nevrotransmiterjev, medtem ko vitamin B6 podpira presnovo beljakovin in glikogena.<\/p>\n<p>Podpora Imunskemu Sistemu:<\/p>\n<p>Vitamin B6 pomaga pri pravilnem delovanju imunskega sistema, podpira obrambne mehanizme telesa.<\/p>\n<p>Zdravje Las in Ko\u017ee:<\/p>\n<p>Biotin prispeva k vzdr\u017eevanju optimalne presnove makrohranil, spodbuja zdrave lase in ko\u017eo.<\/p>\n<p>Delitev Celic in Presnova Homocisteina:<\/p>\n<p>Vitamin B12 igra vlogo pri procesu delitve celic in pomaga pri vzdr\u017eevanju normalne presnove homocisteina.<\/p>\n<p>Proizvodnja Kolagena in Absorpcija \u017deleza:<\/p>\n<p>Vitamin C pomaga pri proizvodnji kolagena za pravilno delovanje krvnih \u017eil, kosti, hrustanca, dlesni, ko\u017ee in zob. Prav tako pove\u010duje absorpcijo \u017eeleza.<\/p>\n<p>Delovanje Imunskega Sistema Med Vadbo:<\/p>\n<p>Vitam<\/p>\n","protected":false},"excerpt":{"rendered":"<p>OstroVit Vitamin B Complex je prehransko dopolnilo visoke kakovosti, ki predstavlja vir vitaminov skupine B. Dodatno je obogateno z vitaminom C in vitaminom E.<\/p>\n","protected":false},"featured_media":61157,"comment_status":"open","ping_status":"closed","template":"","meta":[],"etheme_brands":[{"term_id":4783,"name":"Ostrovit","slug":"ostrovit","term_group":0,"term_taxonomy_id":4783,"taxonomy":"brand","description":"","parent":0,"count":37,"filter":"raw"}],"product_brand":[],"product_cat":[3733,3875,3723,3736],"product_tag":[],"class_list":{"0":"post-61156","1":"product","2":"type-product","3":"status-publish","4":"has-post-thumbnail","6":"brand-ostrovit","7":"product_cat-imunski-sistem","8":"product_cat-novo-v-ponudbi","9":"product_cat-podpora-srca-in-ozilja","10":"product_cat-spomin-in-zdravje-mozganov","12":"first","13":"outofstock","14":"taxable","15":"shipping-taxable","16":"purchasable","17":"product-type-simple"},"_links":{"self":[{"href":"https:\/\/fmed.eu\/hr\/wp-json\/wp\/v2\/product\/61156","targetHints":{"allow":["GET"]}}],"collection":[{"href":"https:\/\/fmed.eu\/hr\/wp-json\/wp\/v2\/product"}],"about":[{"href":"https:\/\/fmed.eu\/hr\/wp-json\/wp\/v2\/types\/product"}],"replies":[{"embeddable":true,"href":"https:\/\/fmed.eu\/hr\/wp-json\/wp\/v2\/comments?post=61156"}],"version-history":[{"count":1,"href":"https:\/\/fmed.eu\/hr\/wp-json\/wp\/v2\/product\/61156\/revisions"}],"predecessor-version":[{"id":69212,"href":"https:\/\/fmed.eu\/hr\/wp-json\/wp\/v2\/product\/61156\/revisions\/69212"}],"wp:featuredmedia":[{"embeddable":true,"href":"https:\/\/fmed.eu\/hr\/wp-json\/wp\/v2\/media\/61157"}],"wp:attachment":[{"href":"https:\/\/fmed.eu\/hr\/wp-json\/wp\/v2\/media?parent=61156"}],"wp:term":[{"taxonomy":"brand","embeddable":true,"href":"https:\/\/fmed.eu\/hr\/wp-json\/wp\/v2\/etheme_brands?post=61156"},{"taxonomy":"product_brand","embeddable":true,"href":"https:\/\/fmed.eu\/hr\/wp-json\/wp\/v2\/product_brand?post=61156"},{"taxonomy":"product_cat","embeddable":true,"href":"https:\/\/fmed.eu\/hr\/wp-json\/wp\/v2\/product_cat?post=61156"},{"taxonomy":"product_tag","embeddable":true,"href":"https:\/\/fmed.eu\/hr\/wp-json\/wp\/v2\/product_tag?post=61156"}],"curies":[{"name":"wp","href":"https:\/\/api.w.org\/{rel}","templated":true}]}}