{"id":61224,"date":"2023-11-24T12:31:20","date_gmt":"2023-11-24T12:31:20","guid":{"rendered":"https:\/\/fmed.eu\/product\/ostrovit-vitamin-c-v-prahu-1000g-okus-limona\/"},"modified":"2026-01-06T12:36:40","modified_gmt":"2026-01-06T10:36:40","slug":"ostrovit-vitamin-c-v-prahu-1000g-okus-limona","status":"publish","type":"product","link":"https:\/\/fmed.eu\/hr\/proizvod\/ostrovit-vitamin-c-v-prahu-1000g-okus-limona\/","title":{"rendered":"OstroVit, Vitamin C v prahu, 1000g, okus limona"},"content":{"rendered":"<p>OstroVit, Vitamin C v prahu, 1000g, okus limona<\/p>\n<p>Vitamin C, znan tudi kot askorbinska kislina, je vodotopen vitamin, ki ima klju\u010dno vlogo pri \u0161tevilnih biolo\u0161kih procesih v telesu. Tu so nekatere pomembne lastnosti in funkcije vitamina C:<\/p>\n<p>Antioksidativno delovanje: Vitamin C je mo\u010dan antioksidant, kar pomeni, da pomaga nevtralizirati proste radikale v telesu. Prosti radikali so nestabilne molekule, ki lahko po\u0161kodujejo celice in prispevajo k procesu staranja ter razvoju bolezni.<\/p>\n<p>Podpora imunskemu sistemu: Vitamin C igra klju\u010dno vlogo pri delovanju imunskega sistema. Pomaga pri tvorbi belih krvnih celic, ki so odgovorne za boj proti oku\u017ebam, in spodbuja produkcijo interferona, ki pomaga prepre\u010devati virusne oku\u017ebe.<\/p>\n<p>Vloga pri tvorbi kolagena: Vitamin C je klju\u010den za tvorbo kolagena, ki je beljakovina, odgovorna za strukturo ko\u017ee, kosti, hrustanca, in krvnih \u017eil.<\/p>\n<p>Pomo\u010d pri absorpciji \u017eeleza: Vitamin C pove\u010duje absorpcijo \u017eeleza iz rastlinskih virov (non-heme \u017eeleza) in prispeva k prepre\u010devanju pomanjkanja \u017eeleza.<\/p>\n<p>Zdravje srca: Nekatere \u0161tudije ka\u017eejo, da lahko vitamin C prispeva k zdravju srca s pomo\u010djo zni\u017eevanja ravni krvnega tlaka in zmanj\u0161evanjem ravni holesterola.<\/p>\n<p>Antioksidantna za\u0161\u010dita pred \u0161kodljivimi snovmi: Vitamin C lahko \u0161\u010diti pred \u0161kodljivimi vplivi nekaterih okoljskih toksinov in onesna\u017eeval, kot so onesna\u017een zrak in cigaretni dim.<\/p>\n<p>Ranljivost pri toploti in svetlobi: Vitamin C je ob\u010dutljiv na visoke temperature in svetlobo, kar pomeni, da lahko pri pripravi hrane pride do izgube tega vitamina.<\/p>\n","protected":false},"excerpt":{"rendered":"<p>Naravna podpora imunskemu sistemu. Krepi za\u0161\u010ditno bariero in jo podpira v boju proti mikroorganizmom in virusom ter\u00a0 izbolj\u0161uje stanje vezivnega tkiva in podpira psihofizi\u010dno stanje.<\/p>\n","protected":false},"featured_media":61225,"comment_status":"open","ping_status":"closed","template":"","meta":[],"etheme_brands":[{"term_id":4783,"name":"Ostrovit","slug":"ostrovit","term_group":0,"term_taxonomy_id":4783,"taxonomy":"brand","description":"","parent":0,"count":37,"filter":"raw"}],"product_brand":[],"product_cat":[3722,3875,3759,3756],"product_tag":[5500,5503,5780,5775],"class_list":{"0":"post-61224","1":"product","2":"type-product","3":"status-publish","4":"has-post-thumbnail","6":"brand-ostrovit","7":"product_cat-antioksidanti","8":"product_cat-novo-v-ponudbi","9":"product_cat-pljuca-dihala","10":"product_cat-prehladna-obolenja","11":"product_tag-imunski-sistem","12":"product_tag-prehlad","13":"product_tag-vitamin-c","14":"product_tag-zdravje","16":"first","17":"instock","18":"taxable","19":"shipping-taxable","20":"purchasable","21":"product-type-simple"},"_links":{"self":[{"href":"https:\/\/fmed.eu\/hr\/wp-json\/wp\/v2\/product\/61224","targetHints":{"allow":["GET"]}}],"collection":[{"href":"https:\/\/fmed.eu\/hr\/wp-json\/wp\/v2\/product"}],"about":[{"href":"https:\/\/fmed.eu\/hr\/wp-json\/wp\/v2\/types\/product"}],"replies":[{"embeddable":true,"href":"https:\/\/fmed.eu\/hr\/wp-json\/wp\/v2\/comments?post=61224"}],"version-history":[{"count":1,"href":"https:\/\/fmed.eu\/hr\/wp-json\/wp\/v2\/product\/61224\/revisions"}],"predecessor-version":[{"id":69206,"href":"https:\/\/fmed.eu\/hr\/wp-json\/wp\/v2\/product\/61224\/revisions\/69206"}],"wp:featuredmedia":[{"embeddable":true,"href":"https:\/\/fmed.eu\/hr\/wp-json\/wp\/v2\/media\/61225"}],"wp:attachment":[{"href":"https:\/\/fmed.eu\/hr\/wp-json\/wp\/v2\/media?parent=61224"}],"wp:term":[{"taxonomy":"brand","embeddable":true,"href":"https:\/\/fmed.eu\/hr\/wp-json\/wp\/v2\/etheme_brands?post=61224"},{"taxonomy":"product_brand","embeddable":true,"href":"https:\/\/fmed.eu\/hr\/wp-json\/wp\/v2\/product_brand?post=61224"},{"taxonomy":"product_cat","embeddable":true,"href":"https:\/\/fmed.eu\/hr\/wp-json\/wp\/v2\/product_cat?post=61224"},{"taxonomy":"product_tag","embeddable":true,"href":"https:\/\/fmed.eu\/hr\/wp-json\/wp\/v2\/product_tag?post=61224"}],"curies":[{"name":"wp","href":"https:\/\/api.w.org\/{rel}","templated":true}]}}