{"id":61264,"date":"2023-11-27T11:51:47","date_gmt":"2023-11-27T11:51:47","guid":{"rendered":"https:\/\/fmed.eu\/product\/ostrovit-omega-3-extreme-90-softgel\/"},"modified":"2025-04-22T13:04:46","modified_gmt":"2025-04-22T11:04:46","slug":"ostrovit-omega-3-extreme-90-softgel","status":"publish","type":"product","link":"https:\/\/fmed.eu\/hr\/proizvod\/ostrovit-omega-3-extreme-90-softgel\/","title":{"rendered":"Ostrovit, Omega 3 Extreme, softgel"},"content":{"rendered":"<h2>OstroVit Omega 3 Extreme, softgel<\/h2>\n<p>Omega-3 ma\u0161\u010dobne kisline so klju\u010dne za zdravje telesa in igrajo pomembno vlogo pri razli\u010dnih funkcijah. Tukaj so nekatere koristi in vplivi na telo pri u\u017eivanju omega-3:<\/p>\n<ol>\n<li><strong>Zdravje srca:<\/strong>\n<ul>\n<li>Omega-3 ma\u0161\u010dobne kisline, zlasti EPA in DHA, lahko pomagajo zmanj\u0161ati tveganje za sr\u010dne bolezni. Pomagajo uravnavati krvni tlak, zmanj\u0161ujejo vnetja in izbolj\u0161ujejo ravni holesterola.<\/li>\n<\/ul>\n<\/li>\n<li><strong>Mo\u017egansko zdravje:<\/strong>\n<ul>\n<li>DHA je klju\u010dna za zdravje mo\u017eganov in je osnovna sestavina mo\u017eganskega tkiva. U\u017eivanje omega-3 lahko podpira kognitivno funkcijo in zmanj\u0161uje tveganje za nevrodegenerativne bolezni.<\/li>\n<\/ul>\n<\/li>\n<li><strong>Vnetje in imunski sistem:<\/strong>\n<ul>\n<li>Omega-3 ma\u0161\u010dobne kisline imajo protivnetne lastnosti, kar lahko koristi pri zmanj\u0161evanju vnetja v telesu. Prav tako lahko okrepijo imunski sistem.<\/li>\n<\/ul>\n<\/li>\n<li><strong>Zdravje sklepov:<\/strong>\n<ul>\n<li>Pri nekaterih ljudeh lahko omega-3 ma\u0161\u010dobne kisline pomagajo zmanj\u0161ati vnetje sklepov in nelagodje, kar je lahko koristno pri artritisu.<\/li>\n<\/ul>\n<\/li>\n<li><strong>Zdravje o\u010di:<\/strong>\n<ul>\n<li>DHA je pomemben za zdravje o\u010di in mre\u017enice. U\u017eivanje omega-3 lahko pomaga pri ohranjanju vida in prepre\u010devanju o\u010desnih te\u017eav.<\/li>\n<\/ul>\n<\/li>\n<li><strong>Regulacija razpolo\u017eenja:<\/strong>\n<ul>\n<li>Nekatere raziskave ka\u017eejo, da lahko omega-3 ma\u0161\u010dobne kisline vplivajo na razpolo\u017eenje in zmanj\u0161ajo tveganje za depresijo.<\/li>\n<\/ul>\n<\/li>\n<li><strong>Zdravje ko\u017ee:<\/strong>\n<ul>\n<li>Omega-3 ma\u0161\u010dobne kisline lahko izbolj\u0161ajo hidratacijo ko\u017ee, zmanj\u0161ajo vnetje in pomagajo pri nekaterih ko\u017enih te\u017eavah, kot so ekcemi.<\/li>\n<\/ul>\n<\/li>\n<\/ol>\n","protected":false},"excerpt":{"rendered":"<p>OstroVit Omega 3 Extreme\u00a0 je visokokakovostno prehransko dopolnilo na osnovi ribjega olja, ki je vir polinenasi\u010denih omega-3 ma\u0161\u010dobnih kislin. Pripravek vsebuje dragocene spojine, kot sta eikozapentaenojska kislina (EPA) in dokozaheksaenojska kislina (DHA) in je na voljo v obliki mehkih kapsul.<\/p>\n","protected":false},"featured_media":61265,"comment_status":"open","ping_status":"closed","template":"","meta":[],"etheme_brands":[{"term_id":4783,"name":"Ostrovit","slug":"ostrovit","term_group":0,"term_taxonomy_id":4783,"taxonomy":"brand","description":"","parent":0,"count":37,"filter":"raw"}],"product_brand":[],"product_cat":[3875,3876,3736,3726],"product_tag":[5442,5774,5496,5527,5522,5775],"class_list":{"0":"post-61264","1":"product","2":"type-product","3":"status-publish","4":"has-post-thumbnail","6":"brand-ostrovit","7":"product_cat-novo-v-ponudbi","8":"product_cat-omega-3","9":"product_cat-spomin-in-zdravje-mozganov","10":"product_cat-vnetja-kosti-in-sklepi","11":"product_tag-koza","12":"product_tag-omega3","13":"product_tag-ozilje","14":"product_tag-spomin","15":"product_tag-vnetja","16":"product_tag-zdravje","18":"first","19":"outofstock","20":"taxable","21":"shipping-taxable","22":"purchasable","23":"product-type-variable"},"_links":{"self":[{"href":"https:\/\/fmed.eu\/hr\/wp-json\/wp\/v2\/product\/61264","targetHints":{"allow":["GET"]}}],"collection":[{"href":"https:\/\/fmed.eu\/hr\/wp-json\/wp\/v2\/product"}],"about":[{"href":"https:\/\/fmed.eu\/hr\/wp-json\/wp\/v2\/types\/product"}],"replies":[{"embeddable":true,"href":"https:\/\/fmed.eu\/hr\/wp-json\/wp\/v2\/comments?post=61264"}],"version-history":[{"count":1,"href":"https:\/\/fmed.eu\/hr\/wp-json\/wp\/v2\/product\/61264\/revisions"}],"predecessor-version":[{"id":69202,"href":"https:\/\/fmed.eu\/hr\/wp-json\/wp\/v2\/product\/61264\/revisions\/69202"}],"wp:featuredmedia":[{"embeddable":true,"href":"https:\/\/fmed.eu\/hr\/wp-json\/wp\/v2\/media\/61265"}],"wp:attachment":[{"href":"https:\/\/fmed.eu\/hr\/wp-json\/wp\/v2\/media?parent=61264"}],"wp:term":[{"taxonomy":"brand","embeddable":true,"href":"https:\/\/fmed.eu\/hr\/wp-json\/wp\/v2\/etheme_brands?post=61264"},{"taxonomy":"product_brand","embeddable":true,"href":"https:\/\/fmed.eu\/hr\/wp-json\/wp\/v2\/product_brand?post=61264"},{"taxonomy":"product_cat","embeddable":true,"href":"https:\/\/fmed.eu\/hr\/wp-json\/wp\/v2\/product_cat?post=61264"},{"taxonomy":"product_tag","embeddable":true,"href":"https:\/\/fmed.eu\/hr\/wp-json\/wp\/v2\/product_tag?post=61264"}],"curies":[{"name":"wp","href":"https:\/\/api.w.org\/{rel}","templated":true}]}}