{"id":61282,"date":"2023-11-28T14:54:00","date_gmt":"2023-11-28T14:54:00","guid":{"rendered":"https:\/\/fmed.eu\/product\/ostrovit-collagen-vitamin-c-400g-okus-ananas\/"},"modified":"2026-01-06T12:37:10","modified_gmt":"2026-01-06T10:37:10","slug":"ostrovit-collagen-vitamin-c-400g-okus-ananas","status":"publish","type":"product","link":"https:\/\/fmed.eu\/hr\/proizvod\/ostrovit-collagen-vitamin-c-400g-okus-ananas\/","title":{"rendered":"OstroVit Collagen + Vitamin C 400g"},"content":{"rendered":"<p>OstroVit Kolagen + Vitamin C<\/p>\n<p>Kolagen je ena glavnih gradbenih beljakovin telesa, naravni polimer in pomembna sestavina medceli\u010dne snovi \u017eivalskih organizmov. Je strukturna beljakovina, ki predstavlja pribli\u017eno 30 % vseh beljakovin v \u010dlove\u0161kem telesu. Najdemo jih i.a. v vezivnem tkivu, o\u017eilju, pa tudi v mi\u0161icah, ko\u017ei in laseh. Ker se raven kolagena v telesu zaradi naravnih procesov staranja s starostjo zmanj\u0161uje, se spla\u010da telesu zagotoviti spojino tudi od zunaj \u2013 Kolagen nastane npr. v \u017eivalskih kosteh ali kitah, na voljo pa je tudi v obliki prehranskih dopolnil. Goveji kolagen, uporabljen v pripravku OstroVit, se odlikuje po zelo dobri biolo\u0161ki uporabnosti, zaradi \u010desar se zlahka absorbira v \u010dlove\u0161kem prebavnem sistemu. Poleg tega goveji kolagen nima zna\u010dilnega vonja, ki se lahko v\u010dasih pojavi pri prehranskih dopolnilih, katerih osnova je ribji kolagen.<\/p>\n<p>Vitamin C, znan tudi kot askorbinska kislina, je bistvena organska kemi\u010dna spojina, ki je razvr\u0161\u010dena kot vodotopni vitamin. Je eksogena snov, ki je telo ne more sintetizirati samo, zato je potrebno spojino telesu zagotoviti od zunaj &#8211; Sestavino najdemo v hrani v sve\u017eem sadju in zelenjavi, t.j. papriki, kolerabi, pomaran\u010dah ali \u010drnem ribezu, pa tudi v prehranskih dopolnilih.<\/p>\n<p>Vitamin C pomaga pri pravilni proizvodnji kolagena, ki zagotavlja pravilno delovanje krvnih \u017eil, kosti, hrustanca in dlesni, zob in ko\u017ee. Poleg tega spojina prispeva k ustrezni energetski presnovi in \u200b\u200bpomaga ohranjati optimalne psiholo\u0161ke funkcije. L-askorbinska kislina podpira tudi pravilno delovanje \u017eiv\u010dnega in imunskega sistema ter prispeva k zmanj\u0161evanju utrujenosti in iz\u010drpanosti. Snov pove\u010da absorpcijo \u017eeleza, pomaga pa tudi pri regeneraciji reducirane oblike vitamina E. Vitamin C podpira za\u0161\u010dito celic pred oksidativnim stresom in pomaga vzdr\u017eevati pravilno delovanje imunskega sistema med in po intenzivni telesni vadbi. .<\/p>\n","protected":false},"excerpt":{"rendered":"<p>OstroVit Kolagen + Vitamin C je visokokakovostno prehransko dopolnilo, ki je vir hidroliziranega govejega kolagena in dragocene L-askorbinske kisline.<\/p>\n","protected":false},"featured_media":61283,"comment_status":"open","ping_status":"closed","template":"","meta":[],"etheme_brands":[{"term_id":4783,"name":"Ostrovit","slug":"ostrovit","term_group":0,"term_taxonomy_id":4783,"taxonomy":"brand","description":"","parent":0,"count":37,"filter":"raw"}],"product_brand":[],"product_cat":[3875,3726],"product_tag":[5621,5500,5444,5526,5781],"class_list":{"0":"post-61282","1":"product","2":"type-product","3":"status-publish","4":"has-post-thumbnail","6":"brand-ostrovit","7":"product_cat-novo-v-ponudbi","8":"product_cat-vnetja-kosti-in-sklepi","9":"product_tag-hrustanec","10":"product_tag-imunski-sistem","11":"product_tag-lasje","12":"product_tag-nohti","13":"product_tag-vezi","15":"first","16":"outofstock","17":"taxable","18":"shipping-taxable","19":"purchasable","20":"product-type-variable"},"_links":{"self":[{"href":"https:\/\/fmed.eu\/hr\/wp-json\/wp\/v2\/product\/61282","targetHints":{"allow":["GET"]}}],"collection":[{"href":"https:\/\/fmed.eu\/hr\/wp-json\/wp\/v2\/product"}],"about":[{"href":"https:\/\/fmed.eu\/hr\/wp-json\/wp\/v2\/types\/product"}],"replies":[{"embeddable":true,"href":"https:\/\/fmed.eu\/hr\/wp-json\/wp\/v2\/comments?post=61282"}],"version-history":[{"count":1,"href":"https:\/\/fmed.eu\/hr\/wp-json\/wp\/v2\/product\/61282\/revisions"}],"predecessor-version":[{"id":69201,"href":"https:\/\/fmed.eu\/hr\/wp-json\/wp\/v2\/product\/61282\/revisions\/69201"}],"wp:featuredmedia":[{"embeddable":true,"href":"https:\/\/fmed.eu\/hr\/wp-json\/wp\/v2\/media\/61283"}],"wp:attachment":[{"href":"https:\/\/fmed.eu\/hr\/wp-json\/wp\/v2\/media?parent=61282"}],"wp:term":[{"taxonomy":"brand","embeddable":true,"href":"https:\/\/fmed.eu\/hr\/wp-json\/wp\/v2\/etheme_brands?post=61282"},{"taxonomy":"product_brand","embeddable":true,"href":"https:\/\/fmed.eu\/hr\/wp-json\/wp\/v2\/product_brand?post=61282"},{"taxonomy":"product_cat","embeddable":true,"href":"https:\/\/fmed.eu\/hr\/wp-json\/wp\/v2\/product_cat?post=61282"},{"taxonomy":"product_tag","embeddable":true,"href":"https:\/\/fmed.eu\/hr\/wp-json\/wp\/v2\/product_tag?post=61282"}],"curies":[{"name":"wp","href":"https:\/\/api.w.org\/{rel}","templated":true}]}}