{"id":61332,"date":"2023-11-29T09:56:07","date_gmt":"2023-11-29T09:56:07","guid":{"rendered":"https:\/\/fmed.eu\/product\/ostrovit-eaa-esencialne-aminokisline-200g-okus-grenivka\/"},"modified":"2026-01-06T12:36:57","modified_gmt":"2026-01-06T10:36:57","slug":"ostrovit-eaa-esencialne-aminokisline-200g-okus-grenivka","status":"publish","type":"product","link":"https:\/\/fmed.eu\/hr\/proizvod\/ostrovit-eaa-esencialne-aminokisline-200g-okus-grenivka\/","title":{"rendered":"OstroVit EAA, esencialne aminokisline 200g, okus grenivka"},"content":{"rendered":"<p>OstroVit EAA esencialne aminokisline, 200g, okus grenivka<\/p>\n<p>EAA &#8211; ESENCILNE AMINOKISLINE<\/p>\n<p>Esencialne aminokisline EAA so skupina organskih kemi\u010dnih spojin (aminokislin), ki so osnovna \u00bbuganka\u00ab za gradnjo peptidov in beljakovin. Na\u0161e telo, \u017eal, ni sposobno samo sintetizirati (proizvajati), zato je tako pomembno, da jih zagotovimo s pravilno prehrano ali s pomo\u010djo prehranskih dopolnil. Sestava vklju\u010duje kompleks BCAA, to je tri dolgoveri\u017ene aminokisline: levcin, valin in izolevcin, pa tudi spojine, kot so lizin, treonin, fenilalanin, metionin, arginin, histidin in triptofan. Kompleks OstroVit Supreme Pure EAA preko beljakovinskih aminokislin podpira regeneracijo in anaboli\u010dne procese na\u0161ih mi\u0161i\u010dnih celic. Sestavine dodatka prispevajo k podpori in neposredno sodelujejo pri \u0161tevilnih \u017eivljenjskih procesih na\u0161ega telesa, podpirajo imunski, \u017eiv\u010dni in prebavni sistem.<\/p>\n<p>Lastnosti sestavin, ki jih vsebuje OstroVit EAA:<\/p>\n<p>Prehrano dopolnite z esencialnimi eksogenimi aminokislinami<\/p>\n<p>Pospe\u0161i procese regeneracije mi\u0161ic Lahko podpira anaboli\u010dne procese v mi\u0161i\u010dnih celicah<\/p>\n<p>Prepre\u010dite mi\u0161i\u010dni katabolizem<\/p>\n<p>Podpira delovanje CUN \u2013 centralnega \u017eiv\u010dnega in prebavnega sistema<\/p>\n<p>EAA je esencialna aminokislina za pravilno delovanje imunskega sistema<\/p>\n<p>Izbolj\u0161a energijske procese v telesu<\/p>\n<p>Dodatek glutamina, tirozina, cisteina in vitamina B6<\/p>\n","protected":false},"excerpt":{"rendered":"<p>OstroVit EAA je prehransko dopolnilo v prahu, ki dopolnjuje na\u0161o prehrano s potrebnimi esencialnimi aminokislinami, ki jih na\u0161e telo ne more sintetizirati samo.<\/p>\n","protected":false},"featured_media":61333,"comment_status":"open","ping_status":"closed","template":"","meta":[],"etheme_brands":[{"term_id":4783,"name":"Ostrovit","slug":"ostrovit","term_group":0,"term_taxonomy_id":4783,"taxonomy":"brand","description":"","parent":0,"count":37,"filter":"raw"}],"product_brand":[],"product_cat":[3875,5385],"product_tag":[5663,5785,5710,5777],"class_list":{"0":"post-61332","1":"product","2":"type-product","3":"status-publish","4":"has-post-thumbnail","6":"brand-ostrovit","7":"product_cat-novo-v-ponudbi","8":"product_cat-sportna-prehrana-regeneracija","9":"product_tag-aminokisline","10":"product_tag-regeneracija","11":"product_tag-sport","12":"product_tag-trening","14":"first","15":"instock","16":"taxable","17":"shipping-taxable","18":"purchasable","19":"product-type-simple"},"_links":{"self":[{"href":"https:\/\/fmed.eu\/hr\/wp-json\/wp\/v2\/product\/61332","targetHints":{"allow":["GET"]}}],"collection":[{"href":"https:\/\/fmed.eu\/hr\/wp-json\/wp\/v2\/product"}],"about":[{"href":"https:\/\/fmed.eu\/hr\/wp-json\/wp\/v2\/types\/product"}],"replies":[{"embeddable":true,"href":"https:\/\/fmed.eu\/hr\/wp-json\/wp\/v2\/comments?post=61332"}],"version-history":[{"count":1,"href":"https:\/\/fmed.eu\/hr\/wp-json\/wp\/v2\/product\/61332\/revisions"}],"predecessor-version":[{"id":69196,"href":"https:\/\/fmed.eu\/hr\/wp-json\/wp\/v2\/product\/61332\/revisions\/69196"}],"wp:featuredmedia":[{"embeddable":true,"href":"https:\/\/fmed.eu\/hr\/wp-json\/wp\/v2\/media\/61333"}],"wp:attachment":[{"href":"https:\/\/fmed.eu\/hr\/wp-json\/wp\/v2\/media?parent=61332"}],"wp:term":[{"taxonomy":"brand","embeddable":true,"href":"https:\/\/fmed.eu\/hr\/wp-json\/wp\/v2\/etheme_brands?post=61332"},{"taxonomy":"product_brand","embeddable":true,"href":"https:\/\/fmed.eu\/hr\/wp-json\/wp\/v2\/product_brand?post=61332"},{"taxonomy":"product_cat","embeddable":true,"href":"https:\/\/fmed.eu\/hr\/wp-json\/wp\/v2\/product_cat?post=61332"},{"taxonomy":"product_tag","embeddable":true,"href":"https:\/\/fmed.eu\/hr\/wp-json\/wp\/v2\/product_tag?post=61332"}],"curies":[{"name":"wp","href":"https:\/\/api.w.org\/{rel}","templated":true}]}}