{"id":61352,"date":"2023-11-29T10:34:10","date_gmt":"2023-11-29T10:34:10","guid":{"rendered":"https:\/\/fmed.eu\/product\/ostrovit-kreatin-monohidrat-300g-okus-lubenica\/"},"modified":"2026-01-06T12:37:09","modified_gmt":"2026-01-06T10:37:09","slug":"ostrovit-kreatin-monohidrat-300g-okus-lubenica","status":"publish","type":"product","link":"https:\/\/fmed.eu\/hr\/proizvod\/ostrovit-kreatin-monohidrat-300g-okus-lubenica\/","title":{"rendered":"OstroVit, Kreatin Monohidrat 300g, razli\u010dni okusi"},"content":{"rendered":"<h2>OstroVit, Kreatin monohidrat, razli\u010dni okusi<\/h2>\n<p>Kreatin monohidrat je prehransko dopolnilo, ki je priljubljeno med \u0161portniki in ljubitelji fitnesa. Tukaj je nekaj klju\u010dnih informacij o kreatinu monohidratu:<\/p>\n<ol>\n<li><strong>Vir Kreatina:<\/strong>\n<ul>\n<li>Kreatin monohidrat je naravna snov, ki jo najdemo v mesu in ribah. V telesu se tvori iz aminokislin in se shranjuje v mi\u0161icah.<\/li>\n<\/ul>\n<\/li>\n<li><strong>Pove\u010danje Zmogljivosti:<\/strong>\n<ul>\n<li>Kreatin monohidrat je znan po tem, da pove\u010duje telesno zmogljivost med kratkotrajnimi, visoko intenzivnimi aktivnostmi, kot so dvigovanje ute\u017ei ali sprinti. Pomaga pri obnavljanju ATP, osnovnega energetskega vira za kratek in intenziven napor.<\/li>\n<\/ul>\n<\/li>\n<li><strong>Pove\u010danje Mase in Volumna Mi\u0161ic:<\/strong>\n<ul>\n<li>\u0160tevilne raziskave ka\u017eejo, da lahko u\u017eivanje kreatina monohidrata privede do pove\u010danja mi\u0161i\u010dne mase in pove\u010danja volumna mi\u0161ic. To je deloma posledica zadr\u017eevanja vode v mi\u0161icah.<\/li>\n<\/ul>\n<\/li>\n<li><strong>Okrevanje po Vadbi:<\/strong>\n<ul>\n<li>Kreatin lahko pomaga zmanj\u0161ati mi\u0161i\u010dno po\u0161kodbo in vnetje ter pospe\u0161iti okrevanje po vadbi.<\/li>\n<\/ul>\n<\/li>\n<li><strong>Kognitivne Koristi:<\/strong>\n<ul>\n<li>Nekatere raziskave ka\u017eejo, da kreatin lahko izbolj\u0161a kognitivne funkcije, vklju\u010dno s spominom in koncentracijo.<\/li>\n<\/ul>\n<\/li>\n<li><strong>Varnost:<\/strong>\n<ul>\n<li>Kreatin monohidrat je eno najbolj preu\u010devanih prehranskih dopolnil in velja za varno za ve\u010dino ljudi. Vendar pa je priporo\u010dljivo, da se posvetujete s svojim zdravnikom, preden za\u010dnete jemati kreatin, \u0161e posebej, \u010de imate kakr\u0161ne koli zdravstvene te\u017eave.<\/li>\n<\/ul>\n<\/li>\n<li><strong>Na\u010din Uporabe:<\/strong>\n<ul>\n<li>Obi\u010dajno se kreatin monohidrat jemlje v obliki prahu, ki se raztopi v vodi ali drugih teko\u010dinah. Obi\u010dajno se izvaja faza \u00bbnasi\u010denja\u00ab s hitrim vnosom ve\u010djih odmerkov (20 g na dan) in nato vzdr\u017eevalna faza z manj\u0161imi odmerki (3-5 g na dan).<\/li>\n<\/ul>\n<\/li>\n<\/ol>\n","protected":false},"excerpt":{"rendered":"<p>Kreatin je organska spojina, pridobljena iz fragmentacije proteinov, ki se nahajajo v mi\u0161i\u010dnem tkivu. Glavna naloga kreatina je pove\u010dati koli\u010dino energije, ki se lahko porablja med treningom.<\/p>\n","protected":false},"featured_media":61353,"comment_status":"open","ping_status":"closed","template":"","meta":[],"etheme_brands":[{"term_id":4783,"name":"Ostrovit","slug":"ostrovit","term_group":0,"term_taxonomy_id":4783,"taxonomy":"brand","description":"","parent":0,"count":37,"filter":"raw"}],"product_brand":[],"product_cat":[5385,15],"product_tag":[5469,5595,5786,5710,5777],"class_list":{"0":"post-61352","1":"product","2":"type-product","3":"status-publish","4":"has-post-thumbnail","6":"brand-ostrovit","7":"product_cat-sportna-prehrana-regeneracija","8":"product_cat-uncategorized","9":"product_tag-energija","10":"product_tag-misice","11":"product_tag-moc","12":"product_tag-sport","13":"product_tag-trening","15":"first","16":"outofstock","17":"taxable","18":"shipping-taxable","19":"purchasable","20":"product-type-variable"},"_links":{"self":[{"href":"https:\/\/fmed.eu\/hr\/wp-json\/wp\/v2\/product\/61352","targetHints":{"allow":["GET"]}}],"collection":[{"href":"https:\/\/fmed.eu\/hr\/wp-json\/wp\/v2\/product"}],"about":[{"href":"https:\/\/fmed.eu\/hr\/wp-json\/wp\/v2\/types\/product"}],"replies":[{"embeddable":true,"href":"https:\/\/fmed.eu\/hr\/wp-json\/wp\/v2\/comments?post=61352"}],"version-history":[{"count":1,"href":"https:\/\/fmed.eu\/hr\/wp-json\/wp\/v2\/product\/61352\/revisions"}],"predecessor-version":[{"id":69194,"href":"https:\/\/fmed.eu\/hr\/wp-json\/wp\/v2\/product\/61352\/revisions\/69194"}],"wp:featuredmedia":[{"embeddable":true,"href":"https:\/\/fmed.eu\/hr\/wp-json\/wp\/v2\/media\/61353"}],"wp:attachment":[{"href":"https:\/\/fmed.eu\/hr\/wp-json\/wp\/v2\/media?parent=61352"}],"wp:term":[{"taxonomy":"brand","embeddable":true,"href":"https:\/\/fmed.eu\/hr\/wp-json\/wp\/v2\/etheme_brands?post=61352"},{"taxonomy":"product_brand","embeddable":true,"href":"https:\/\/fmed.eu\/hr\/wp-json\/wp\/v2\/product_brand?post=61352"},{"taxonomy":"product_cat","embeddable":true,"href":"https:\/\/fmed.eu\/hr\/wp-json\/wp\/v2\/product_cat?post=61352"},{"taxonomy":"product_tag","embeddable":true,"href":"https:\/\/fmed.eu\/hr\/wp-json\/wp\/v2\/product_tag?post=61352"}],"curies":[{"name":"wp","href":"https:\/\/api.w.org\/{rel}","templated":true}]}}