{"id":61372,"date":"2023-11-30T15:44:31","date_gmt":"2023-11-30T13:44:31","guid":{"rendered":"https:\/\/fmed.eu\/product\/ostrovit-100-whey-isolate-1800g-kokosova-krema\/"},"modified":"2026-01-06T12:36:33","modified_gmt":"2026-01-06T10:36:33","slug":"ostrovit-100-whey-isolate-1800g-kokosova-krema","status":"publish","type":"product","link":"https:\/\/fmed.eu\/hr\/proizvod\/ostrovit-100-whey-isolate-1800g-kokosova-krema\/","title":{"rendered":"OstroVit 100% Whey Isolate 1800g, kokosova krema"},"content":{"rendered":"<p>OstroVit 100% Whey Isolate 1800g, kokosova krema<\/p>\n<p>OstroVit Whey protein Isolate je dodatek, ki vsebuje 90 % lahko prebavljivih \u017eivalskih beljakovin in modelni profil aminokislin, ki so potrebne za izgradnjo mi\u0161i\u010dne mase. Zanj je zna\u010dilna majhna koli\u010dina ma\u0161\u010dob, laktoze in ogljikovih hidratov.<\/p>\n<p>Dodatek je pridobljen z mikrofiltracijo pre\u010dnega toka, ki te\u010de pri nizki temperaturi. Posledi\u010dno ne pride do denaturacije u\u010dinkovin. Zaradi visoke biolo\u0161ke uporabnosti in najvi\u0161je hranilne vrednosti izolat sirotkinih beljakovin u\u010dinkovito pospe\u0161uje izgradnjo puste telesne mase. Spodbuja rast in regeneracijo mi\u0161i\u010dnih vlaken. Poleg tega deluje antikataboli\u010dno \u2013 prepre\u010duje razgradnjo mi\u0161ic. Je odli\u010den dodatek, ki se uporablja pred in po fizi\u010dnem naporu. Poleg tega krepi imunski sistem telesa in podpira proces regeneracije.<\/p>\n<p>Uporaba pripravka je u\u010dinkovita pri huj\u0161anju, saj spodbuja izgorevanje ma\u0161\u010dobe, predvsem tiste v predelu trebuha. Je tudi u\u010dinkovito dopolnilo potreb po beljakovinah med uporabo nizkokalori\u010dnih diet. Izolat sirotkinih beljakovin velja za osnovo prehrane vsakega \u0161portnika. Priporo\u010da se predvsem pri \u0161portih mo\u010di, bodybuildingu in fitnesu.<\/p>\n<p>Lastnosti:<\/p>\n<p>Visoka vsebnost beljakovin<\/p>\n<p>Nizka vsebnost ogljikovih hidratov in ma\u0161\u010dob<\/p>\n<p>Deluje anaboli\u010dno \u2013 pomaga graditi \u010disto mi\u0161i\u010dno maso<\/p>\n<p>Deluje antikataboli\u010dno \u2013 prepre\u010duje razgradnjo mi\u0161ic<\/p>\n<p>Pospe\u0161uje okrevanje mi\u0161ic po vadbi<\/p>\n<p>Primeren za vse \u0161porte<\/p>\n<p>Priporo\u010dljivo v obdobju izgradnje mi\u0161i\u010dne mase<\/p>\n","protected":false},"excerpt":{"rendered":"<p id=\"tw-target-text\" class=\"tw-data-text tw-text-large tw-ta\" dir=\"ltr\" data-placeholder=\"Prevod\" data-ved=\"2ahUKEwi84KXQ5-iCAxUJQPEDHRFnDaoQ3ewLegQICBAQ\"><span class=\"Y2IQFc\" lang=\"sl\">OstroVit Whey Protein Isolate je najkakovostnej\u0161i izolat sirotkinih beljakovin, ki velja za najdragocenej\u0161i vir beljakovin v \u0161portu.<\/span><\/p>\n","protected":false},"featured_media":61373,"comment_status":"open","ping_status":"closed","template":"","meta":[],"etheme_brands":[{"term_id":4783,"name":"Ostrovit","slug":"ostrovit","term_group":0,"term_taxonomy_id":4783,"taxonomy":"brand","description":"","parent":0,"count":37,"filter":"raw"}],"product_brand":[],"product_cat":[3875,5385],"product_tag":[5664,5787,5786,5777],"class_list":{"0":"post-61372","1":"product","2":"type-product","3":"status-publish","4":"has-post-thumbnail","6":"brand-ostrovit","7":"product_cat-novo-v-ponudbi","8":"product_cat-sportna-prehrana-regeneracija","9":"product_tag-beljakovine","10":"product_tag-misicna-masa","11":"product_tag-moc","12":"product_tag-trening","14":"first","15":"instock","16":"taxable","17":"shipping-taxable","18":"purchasable","19":"product-type-simple"},"_links":{"self":[{"href":"https:\/\/fmed.eu\/hr\/wp-json\/wp\/v2\/product\/61372","targetHints":{"allow":["GET"]}}],"collection":[{"href":"https:\/\/fmed.eu\/hr\/wp-json\/wp\/v2\/product"}],"about":[{"href":"https:\/\/fmed.eu\/hr\/wp-json\/wp\/v2\/types\/product"}],"replies":[{"embeddable":true,"href":"https:\/\/fmed.eu\/hr\/wp-json\/wp\/v2\/comments?post=61372"}],"version-history":[{"count":1,"href":"https:\/\/fmed.eu\/hr\/wp-json\/wp\/v2\/product\/61372\/revisions"}],"predecessor-version":[{"id":69192,"href":"https:\/\/fmed.eu\/hr\/wp-json\/wp\/v2\/product\/61372\/revisions\/69192"}],"wp:featuredmedia":[{"embeddable":true,"href":"https:\/\/fmed.eu\/hr\/wp-json\/wp\/v2\/media\/61373"}],"wp:attachment":[{"href":"https:\/\/fmed.eu\/hr\/wp-json\/wp\/v2\/media?parent=61372"}],"wp:term":[{"taxonomy":"brand","embeddable":true,"href":"https:\/\/fmed.eu\/hr\/wp-json\/wp\/v2\/etheme_brands?post=61372"},{"taxonomy":"product_brand","embeddable":true,"href":"https:\/\/fmed.eu\/hr\/wp-json\/wp\/v2\/product_brand?post=61372"},{"taxonomy":"product_cat","embeddable":true,"href":"https:\/\/fmed.eu\/hr\/wp-json\/wp\/v2\/product_cat?post=61372"},{"taxonomy":"product_tag","embeddable":true,"href":"https:\/\/fmed.eu\/hr\/wp-json\/wp\/v2\/product_tag?post=61372"}],"curies":[{"name":"wp","href":"https:\/\/api.w.org\/{rel}","templated":true}]}}