{"id":61406,"date":"2023-12-01T12:40:27","date_gmt":"2023-12-01T12:40:27","guid":{"rendered":"https:\/\/fmed.eu\/product\/ostrovit-fat-burner-extreme-90-kapsul\/"},"modified":"2025-04-22T13:04:45","modified_gmt":"2025-04-22T11:04:45","slug":"ostrovit-fat-burner-extreme-90-kapsul","status":"publish","type":"product","link":"https:\/\/fmed.eu\/hr\/proizvod\/ostrovit-fat-burner-extreme-90-kapsul\/","title":{"rendered":"OstroVit Fat Burner eXtreme, 90 kapsul"},"content":{"rendered":"<p>OstroVit Fat Burner eXtreme, 90 kapsul<\/p>\n<p>Nova izbolj\u0161ana formula<\/p>\n<p>Naravne sestavine<\/p>\n<p>90 kapsul v enem pakiranju<\/p>\n<p>30 obrokov na mesec dopolnila<\/p>\n<p>Sestavine OstroVit Fat Burner eXtreme fat burner<\/p>\n<p>L-Tirozin \u2013 omogo\u010da bolj\u0161e prena\u0161anje stranskih u\u010dinkov dolgih in te\u017ekih redukcijskih diet, kjer je na\u0161e telo v globokem kalori\u010dnem deficitu. Izbolj\u0161uje spomin in na\u0161e po\u010dutje.<\/p>\n<p>L-karnitin &#8211; kemi\u010dna organska spojina iz skupine aminokislin, ki so naravno prisotne v na\u0161em telesu. Podpira procese izgorevanja ma\u0161\u010dob (absorpcija energije iz ma\u0161\u010dob).<\/p>\n<p>Izvle\u010dek zelene kave \u2013 lahko omeji presnovo ma\u0161\u010dob, pospe\u0161i metabolizem in je odli\u010den antioksidant.<\/p>\n<p>Izvle\u010dek listov zelenega \u010daja &#8211; u\u010dinkovito podpira proces huj\u0161anja, spodbuja razgradnjo ma\u0161\u010dobnih celic in prepre\u010duje njihovo ponovno pove\u010devanje.<\/p>\n<p>Kofein &#8211; Pomaga pospe\u0161iti presnovo, spodbuja, dodaja energijo, podpira zmanj\u0161evanje nepotrebne telesne ma\u0161\u010dobe.<\/p>\n<p>Izvle\u010dek semen afri\u0161kega manga &#8211; lahko vpliva na uravnavanje ravni leptina (hormon odgovoren za apetit), uravnava presnovo in podpira presnovo lipidov (ma\u0161\u010dob).<\/p>\n<p>Izvle\u010dek korenine ingverja &#8211; podpira prebavo, pove\u010duje odpornost in se &#8220;bori&#8221; proti prostim radikalom.<\/p>\n<p>Lastnosti sestavin, ki jih vsebuje OstroVit Fat Burner eXtreme:<\/p>\n<p>Zavirajo apetit po visokokalori\u010dnih prigrizkih<\/p>\n<p>Spodbujanje metabolizma<\/p>\n<p>Podpira proces lipolize<\/p>\n<p>Podpira zmanj\u0161anje ma\u0161\u010dobe<\/p>\n<p>Stimulirajte telo<\/p>\n<p>Izbolj\u0161ajte svoje po\u010dutje<\/p>\n<p>Podpira vzdr\u017eevanje zdrave telesne te\u017ee<\/p>\n<p>Laboratorijsko potrjena kakovost Izdelke, ki jih izdelujemo, zaradi zdravja na\u0161ih strank redno testiramo v neodvisnem akreditiranem laboratoriju, da zagotovimo in vzdr\u017eujemo najvi\u0161jo kakovost.<\/p>\n","protected":false},"excerpt":{"rendered":"<p>OstroVit Fat Burner eXtreme je pripravek z nenavadno kombinacijo naravnih snovi, ki podpirajo in pospe\u0161ujejo proces lipolize, to je razgradnjo in izgorevanje telesne ma\u0161\u010dobe, ter olaj\u0161ajo vzdr\u017eevanje normalne telesne te\u017ee.<\/p>\n","protected":false},"featured_media":61407,"comment_status":"open","ping_status":"closed","template":"","meta":[],"etheme_brands":[{"term_id":4783,"name":"Ostrovit","slug":"ostrovit","term_group":0,"term_taxonomy_id":4783,"taxonomy":"brand","description":"","parent":0,"count":37,"filter":"raw"}],"product_brand":[],"product_cat":[3875,5385],"product_tag":[5469,5791,5792,5595,5787,5777],"class_list":{"0":"post-61406","1":"product","2":"type-product","3":"status-publish","4":"has-post-thumbnail","6":"brand-ostrovit","7":"product_cat-novo-v-ponudbi","8":"product_cat-sportna-prehrana-regeneracija","9":"product_tag-energija","10":"product_tag-izguba-mascobe","11":"product_tag-mascoba","12":"product_tag-misice","13":"product_tag-misicna-masa","14":"product_tag-trening","16":"first","17":"outofstock","18":"taxable","19":"shipping-taxable","20":"purchasable","21":"product-type-simple"},"_links":{"self":[{"href":"https:\/\/fmed.eu\/hr\/wp-json\/wp\/v2\/product\/61406","targetHints":{"allow":["GET"]}}],"collection":[{"href":"https:\/\/fmed.eu\/hr\/wp-json\/wp\/v2\/product"}],"about":[{"href":"https:\/\/fmed.eu\/hr\/wp-json\/wp\/v2\/types\/product"}],"replies":[{"embeddable":true,"href":"https:\/\/fmed.eu\/hr\/wp-json\/wp\/v2\/comments?post=61406"}],"version-history":[{"count":1,"href":"https:\/\/fmed.eu\/hr\/wp-json\/wp\/v2\/product\/61406\/revisions"}],"predecessor-version":[{"id":69189,"href":"https:\/\/fmed.eu\/hr\/wp-json\/wp\/v2\/product\/61406\/revisions\/69189"}],"wp:featuredmedia":[{"embeddable":true,"href":"https:\/\/fmed.eu\/hr\/wp-json\/wp\/v2\/media\/61407"}],"wp:attachment":[{"href":"https:\/\/fmed.eu\/hr\/wp-json\/wp\/v2\/media?parent=61406"}],"wp:term":[{"taxonomy":"brand","embeddable":true,"href":"https:\/\/fmed.eu\/hr\/wp-json\/wp\/v2\/etheme_brands?post=61406"},{"taxonomy":"product_brand","embeddable":true,"href":"https:\/\/fmed.eu\/hr\/wp-json\/wp\/v2\/product_brand?post=61406"},{"taxonomy":"product_cat","embeddable":true,"href":"https:\/\/fmed.eu\/hr\/wp-json\/wp\/v2\/product_cat?post=61406"},{"taxonomy":"product_tag","embeddable":true,"href":"https:\/\/fmed.eu\/hr\/wp-json\/wp\/v2\/product_tag?post=61406"}],"curies":[{"name":"wp","href":"https:\/\/api.w.org\/{rel}","templated":true}]}}