{"id":61416,"date":"2023-12-13T10:10:30","date_gmt":"2023-12-13T10:10:30","guid":{"rendered":"https:\/\/fmed.eu\/product\/ostrovit-bcaa-2-1-1-200g-limona\/"},"modified":"2025-04-22T13:04:44","modified_gmt":"2025-04-22T11:04:44","slug":"ostrovit-bcaa-2-1-1-200g-limona","status":"publish","type":"product","link":"https:\/\/fmed.eu\/hr\/proizvod\/ostrovit-bcaa-2-1-1-200g-limona\/","title":{"rendered":"OstroVit BCAA 2-1-1, 200g, limona"},"content":{"rendered":"<p>OstroVit BCAA 2-1-1 aminokisline, 200g, limona<\/p>\n<p>BCAA (Branched Chains Amino Acids) so aminokisline z razvejano verigo: levcin, valin in izolevcin. Te spojine so dobile to ime zaradi raz\u0161irjene stranske verige v njihovi kemi\u010dni strukturi. Spadajo v skupino eksogenih aminokislin in so nepogre\u0161ljive v na\u0161i prehrani, saj jih na\u0161e telo ne more sintetizirati. So nelo\u010dljiv element za sintezo beljakovin in ve\u010d kot 30% na\u0161ih mi\u0161ic je sestavljenih iz BCAA.<\/p>\n<p>Nedvomno so BCAA v na\u0161i prehrani bistvenega pomena, ne le za zdravje, ampak tudi za izgradnjo mi\u0161ic, regeneracijo po napornem treningu in zmanj\u0161anje ma\u0161\u010dobe. Zalogo BCAA je treba pove\u010dati zlasti pri ljudeh, ki te\u017eko trenirajo. Z ve\u010djo telesno aktivnostjo se pove\u010duje potreba po esencialnih aminokislinah.<\/p>\n<p>Lastnosti sestavin, ki jih vsebuje OstroVit BCAA 2-1-1:<\/p>\n<p>Prispevajo k pove\u010danju mi\u0161i\u010dne vzdr\u017eljivosti<\/p>\n<p>Med uporabo BCAA se pove\u010da lipoliza, to je pove\u010dana oksidacija ma\u0161\u010dobnih kislin \u2013 idealno dopolnilo za zmanj\u0161anje telesne ma\u0161\u010dobe<\/p>\n<p>Dodatek BCAA zmanj\u0161uje telesno in du\u0161evno utrujenost po treningu<\/p>\n<p>\u0160tevilne \u0161tudije soglasno ka\u017eejo na antikataboli\u010dno delovanje (za prepre\u010devanje razgradnje beljakovin v mi\u0161i\u010dnem tkivu).<\/p>\n<p>Z uporabo BCAA kot vira energije \u2013 lahko nam prihranite mi\u0161i\u010dni glikogen<\/p>\n<p>Dokazano delovanje uravnava delovanje nevrotransmiterjev.<\/p>\n","protected":false},"excerpt":{"rendered":"<p>BCAA\u00a0 so v na\u0161i prehrani bistvenega pomena, ne le za zdravje, ampak tudi za izgradnjo mi\u0161ic, regeneracijo po napornem treningu in zmanj\u0161anje ma\u0161\u010dobe.<\/p>\n","protected":false},"featured_media":61417,"comment_status":"open","ping_status":"closed","template":"","meta":[],"etheme_brands":[{"term_id":4783,"name":"Ostrovit","slug":"ostrovit","term_group":0,"term_taxonomy_id":4783,"taxonomy":"brand","description":"","parent":0,"count":37,"filter":"raw"}],"product_brand":[],"product_cat":[3722,3732,5385],"product_tag":[5663,5793],"class_list":{"0":"post-61416","1":"product","2":"type-product","3":"status-publish","4":"has-post-thumbnail","6":"brand-ostrovit","7":"product_cat-antioksidanti","8":"product_cat-energija-in-motivacija","9":"product_cat-sportna-prehrana-regeneracija","10":"product_tag-aminokisline","11":"product_tag-bcaa","13":"first","14":"outofstock","15":"taxable","16":"shipping-taxable","17":"purchasable","18":"product-type-simple"},"_links":{"self":[{"href":"https:\/\/fmed.eu\/hr\/wp-json\/wp\/v2\/product\/61416","targetHints":{"allow":["GET"]}}],"collection":[{"href":"https:\/\/fmed.eu\/hr\/wp-json\/wp\/v2\/product"}],"about":[{"href":"https:\/\/fmed.eu\/hr\/wp-json\/wp\/v2\/types\/product"}],"replies":[{"embeddable":true,"href":"https:\/\/fmed.eu\/hr\/wp-json\/wp\/v2\/comments?post=61416"}],"version-history":[{"count":1,"href":"https:\/\/fmed.eu\/hr\/wp-json\/wp\/v2\/product\/61416\/revisions"}],"predecessor-version":[{"id":69186,"href":"https:\/\/fmed.eu\/hr\/wp-json\/wp\/v2\/product\/61416\/revisions\/69186"}],"wp:featuredmedia":[{"embeddable":true,"href":"https:\/\/fmed.eu\/hr\/wp-json\/wp\/v2\/media\/61417"}],"wp:attachment":[{"href":"https:\/\/fmed.eu\/hr\/wp-json\/wp\/v2\/media?parent=61416"}],"wp:term":[{"taxonomy":"brand","embeddable":true,"href":"https:\/\/fmed.eu\/hr\/wp-json\/wp\/v2\/etheme_brands?post=61416"},{"taxonomy":"product_brand","embeddable":true,"href":"https:\/\/fmed.eu\/hr\/wp-json\/wp\/v2\/product_brand?post=61416"},{"taxonomy":"product_cat","embeddable":true,"href":"https:\/\/fmed.eu\/hr\/wp-json\/wp\/v2\/product_cat?post=61416"},{"taxonomy":"product_tag","embeddable":true,"href":"https:\/\/fmed.eu\/hr\/wp-json\/wp\/v2\/product_tag?post=61416"}],"curies":[{"name":"wp","href":"https:\/\/api.w.org\/{rel}","templated":true}]}}