{"id":61432,"date":"2023-12-11T13:18:16","date_gmt":"2023-12-11T13:18:16","guid":{"rendered":"https:\/\/fmed.eu\/product\/klair-labs-amino-acid-complete-amino-kisline150-kapsul\/"},"modified":"2025-04-22T13:04:45","modified_gmt":"2025-04-22T11:04:45","slug":"klair-labs-amino-acid-complete-amino-kisline150-kapsul","status":"publish","type":"product","link":"https:\/\/fmed.eu\/hr\/proizvod\/klair-labs-amino-acid-complete-amino-kisline150-kapsul\/","title":{"rendered":"Klaire Labs, Amino Acid Complete, aminokisline,150 kapsul"},"content":{"rendered":"<p>Klaire Labs, Amino Acid Complete, aminokisline,150 kapsul<\/p>\n<p>Amino Acid Complete je obse\u017een, hipoalergenski vir 19 esencialnih, pogojno esencialnih in neesencialnih aminokislin v &#8220;L-formi&#8221; &#8211; plus tavrin, aminosulfonska kislina &#8211; zasnovan za zadovoljevanje potreb posameznikov, ki potrebujejo dodatno beljakovinsko podporo.\u00a0 Ta formulacija uporablja kristalne aminokisline najvi\u0161je kakovosti v njihovi &#8220;prosti&#8221; obliki, da zagotovi pove\u010dano biolo\u0161ko uporabnost in toleranco, hkrati pa podpira zdravo delovanje prebavil, popravlja in obnavlja zdravo mi\u0161i\u010dno in vezivno tkivo ter zagotavlja esencialne aminokisline za zdrave lase, ko\u017eo, in nohti.<\/p>\n","protected":false},"excerpt":{"rendered":"<p>&#8230;<\/p>\n","protected":false},"featured_media":61433,"comment_status":"open","ping_status":"closed","template":"","meta":[],"etheme_brands":[{"term_id":4644,"name":"Klaire Labs","slug":"klaire-labs","term_group":0,"term_taxonomy_id":4644,"taxonomy":"brand","description":"Klaire Labs je vodilno podjetje na podro\u010dju probiotikov in encimov. Torej je s svojimi izdelki usmerjeno predvsem na podro\u010dje te\u017eav s \u010drevesjem. Ustanovljeno je bilo leta 1969 z namenom zagotoviti izdelke za ljudi, ki imajo te\u017eave z alergijami na hrano in so ob\u010dutljivi na okoljske dejavnike. Podjetje oziroma znamko je leta 2004 kupilo podjetje ProThera.","parent":0,"count":8,"filter":"raw"}],"product_brand":[],"product_cat":[3875,3716,5385],"product_tag":[5663,5795,5444,5526,5436],"class_list":{"0":"post-61432","1":"product","2":"type-product","3":"status-publish","4":"has-post-thumbnail","6":"brand-klaire-labs","7":"product_cat-novo-v-ponudbi","8":"product_cat-prebava-zelodec-crevesje","9":"product_cat-sportna-prehrana-regeneracija","10":"product_tag-aminokisline","11":"product_tag-esencialne-aminokisline","12":"product_tag-lasje","13":"product_tag-nohti","14":"product_tag-prebava","16":"first","17":"outofstock","18":"taxable","19":"shipping-taxable","20":"purchasable","21":"product-type-simple"},"_links":{"self":[{"href":"https:\/\/fmed.eu\/hr\/wp-json\/wp\/v2\/product\/61432","targetHints":{"allow":["GET"]}}],"collection":[{"href":"https:\/\/fmed.eu\/hr\/wp-json\/wp\/v2\/product"}],"about":[{"href":"https:\/\/fmed.eu\/hr\/wp-json\/wp\/v2\/types\/product"}],"replies":[{"embeddable":true,"href":"https:\/\/fmed.eu\/hr\/wp-json\/wp\/v2\/comments?post=61432"}],"version-history":[{"count":1,"href":"https:\/\/fmed.eu\/hr\/wp-json\/wp\/v2\/product\/61432\/revisions"}],"predecessor-version":[{"id":69187,"href":"https:\/\/fmed.eu\/hr\/wp-json\/wp\/v2\/product\/61432\/revisions\/69187"}],"wp:featuredmedia":[{"embeddable":true,"href":"https:\/\/fmed.eu\/hr\/wp-json\/wp\/v2\/media\/61433"}],"wp:attachment":[{"href":"https:\/\/fmed.eu\/hr\/wp-json\/wp\/v2\/media?parent=61432"}],"wp:term":[{"taxonomy":"brand","embeddable":true,"href":"https:\/\/fmed.eu\/hr\/wp-json\/wp\/v2\/etheme_brands?post=61432"},{"taxonomy":"product_brand","embeddable":true,"href":"https:\/\/fmed.eu\/hr\/wp-json\/wp\/v2\/product_brand?post=61432"},{"taxonomy":"product_cat","embeddable":true,"href":"https:\/\/fmed.eu\/hr\/wp-json\/wp\/v2\/product_cat?post=61432"},{"taxonomy":"product_tag","embeddable":true,"href":"https:\/\/fmed.eu\/hr\/wp-json\/wp\/v2\/product_tag?post=61432"}],"curies":[{"name":"wp","href":"https:\/\/api.w.org\/{rel}","templated":true}]}}