{"id":61461,"date":"2024-03-20T11:07:14","date_gmt":"2024-03-20T11:07:14","guid":{"rendered":"https:\/\/fmed.eu\/product\/testo-extreme-ostrovit-90-kaspul\/"},"modified":"2025-04-22T13:04:44","modified_gmt":"2025-04-22T11:04:44","slug":"testo-extreme-ostrovit-90-kaspul","status":"publish","type":"product","link":"https:\/\/fmed.eu\/hr\/proizvod\/testo-extreme-ostrovit-90-kaspul\/","title":{"rendered":"Testo Extreme, OstroVit, 90 kapsul"},"content":{"rendered":"<p>Testo Extreme, OstroVit, 90 kapsul<\/p>\n<p>Vsi smo \u017ee sli\u0161ali za mo\u0161ki hormon testosteron, toda ali ste vedeli, da podpira mo\u0161ko razpolo\u017eenje, te\u017eo, mi\u0161ice in celo njegovo spolno zdravje?\u00a0 Mo\u0161ki potrebujejo testosteron za rast mi\u0161ic in ohranjanje spolnega zdravja, vendar se ravni s\u010dasoma zmanj\u0161ujejo.\u00a0<\/p>\n<p>Ostrovit Testo Extreme je premium dodatek, namenjen pove\u010danju ravni testosterona in vam bo pomagal dose\u010di va\u0161e fitnes cilje s polno samozavesti. Zasnovan z mo\u010dno me\u0161anico naravnih sestavin, kot so izvle\u010dek Tribulus Terrestris, izvle\u010dek Maca Root in D-Asparaginska kislina, je na\u0161a inovativna formula razvita za podporo proizvodnje testosterona, pove\u010danje mo\u010di in vzdr\u017eljivosti ter optimizacijo okrevanja.<\/p>\n<p>Klju\u010dne koristi:<\/p>\n<p>Pove\u010danje ravni testosterona: Ostrovit Testo Extreme spodbuja naravno proizvodnjo testosterona, hormona, ki je klju\u010den za rast mi\u0161ic, pridobivanje mo\u010di in splo\u0161no vitalnost.<\/p>\n<p>Pove\u010dana mo\u010d in mo\u010d: Do\u017eivite ve\u010djo mo\u010d, mo\u010d in vzdr\u017eljivost med treningi, kar vam omogo\u010da, da premagate omejitve in dose\u017eete nove osebne rekorde.<\/p>\n<p>Izbolj\u0161ano okrevanje: Na\u0161a napredna formula pomaga zmanj\u0161ati utrujenost mi\u0161ic in pospe\u0161i okrevanje, zagotavljajo\u010d, da lahko trenirate s te\u017ejo obremenitvijo in pogosteje, ne da bi ogrozili va\u0161e delovanje.<\/p>\n<p>Prehransko dopolnilo Testo Extreme je vir 11 razli\u010dnih aktivnih sestavin &#8211; en odmerek prehranskega dopolnila telesu zagotovi 370 mg izvle\u010dka semena senega grozdja, 300 mg izvle\u010dka korenine maka, 300 mg D-asparaginske kisline, pa tudi 222 mg izvle\u010dka tribulusa in 150 mg izvle\u010dka listov koprive. Poleg tega pripravek vsebuje 120 mg izvle\u010dka ploda palmetta, 70 mg izvle\u010dka korena ginsenga in 2,1 mg izvle\u010dka \u010drnega popra, pa tudi 57 mg magnezija, 15 mg cinka in 3 mg vitamina B6.<\/p>\n<p>U\u010dinkovitost &#8211; paket vsebuje 30 odmerkov izdelka, kar je dovolj za mesec rednega dopolnjevanja.<\/p>\n<p>Priro\u010dna oblika &#8211; pripravek, na voljo v obliki kapsul, ki jih je enostavno zau\u017eiti.<\/p>\n","protected":false},"excerpt":{"rendered":"<div class=\"flex-1 overflow-hidden\">\n<div class=\"react-scroll-to-bottom--css-nopuk-79elbk h-full\">\n<div class=\"react-scroll-to-bottom--css-nopuk-1n7m0yu\">\n<div class=\"flex flex-col text-sm pb-9\">\n<div class=\"w-full text-token-text-primary\" data-testid=\"conversation-turn-57\">\n<div class=\"px-4 py-2 justify-center text-base md:gap-6 m-auto\">\n<div class=\"flex flex-1 text-base mx-auto gap-3 md:px-5 lg:px-1 xl:px-5 md:max-w-3xl lg:max-w-[40rem] xl:max-w-[48rem] group final-completion\">\n<div class=\"relative flex w-full flex-col agent-turn\">\n<div class=\"flex-col gap-1 md:gap-3\">\n<div class=\"flex flex-grow flex-col max-w-full\">\n<div class=\"min-h-[20px] text-message flex flex-col items-start gap-3 whitespace-pre-wrap break-words [.text-message+&amp;]:mt-5 overflow-x-auto\" data-message-author-role=\"assistant\" data-message-id=\"e880c37a-1f7a-4d6b-81eb-7b49bbc06d38\">\n<div class=\"markdown prose w-full break-words dark:prose-invert dark\">\n<p>OstroVit Testo Extreme je visokokakovostno prehransko dopolnilo, ki vsebuje kar 11 razli\u010dnih aktivnih sestavin &#8211; izdelek je vir, med drugim, izvle\u010dka semena senega grozdja, izvle\u010dka tribulusa ali cinka. Gre za pripravek, ki je na voljo v obliki kapsul, enostavnih za zau\u017eitje, ustvarjen za \u0161portnike in ozave\u0161\u010dene potro\u0161nike, ki \u017eelijo dopolniti svojo prehrano z dragocenimi spojinami.<\/p>\n<\/div>\n<\/div>\n<\/div>\n<div class=\"mt-1 flex justify-start gap-3 empty:hidden\">\n<div class=\"text-gray-400 flex self-end lg:self-center items-center justify-center lg:justify-start mt-0 -ml-1 h-7 gap-[2px] visible\">\n<div class=\"flex items-center gap-1.5 text-xs\"><\/div>\n<div class=\"flex\"><\/div>\n<\/div>\n<\/div>\n<div class=\"pr-2 lg:pr-0\"><\/div>\n<\/div>\n<\/div>\n<\/div>\n<\/div>\n<\/div>\n<\/div>\n<\/div>\n<\/div>\n<\/div>\n<div class=\"w-full pt-2 md:pt-0 dark:border-white\/20 md:border-transparent md:dark:border-transparent md:w-[calc(100%-.5rem)]\">\n<form class=\"stretch mx-2 flex flex-row gap-3 last:mb-2 md:mx-4 md:last:mb-6 lg:mx-auto lg:max-w-2xl xl:max-w-3xl\">\n<div class=\"relative flex h-full flex-1 flex-col\">\n<div class=\"flex w-full items-center\"><\/div>\n<\/div>\n<\/form>\n<\/div>\n","protected":false},"featured_media":61462,"comment_status":"open","ping_status":"closed","template":"","meta":[],"etheme_brands":[{"term_id":4783,"name":"Ostrovit","slug":"ostrovit","term_group":0,"term_taxonomy_id":4783,"taxonomy":"brand","description":"","parent":0,"count":37,"filter":"raw"}],"product_brand":[],"product_cat":[3722,3732,3875,5384,5385,3739,3725],"product_tag":[5565,5595,5473],"class_list":{"0":"post-61461","1":"product","2":"type-product","3":"status-publish","4":"has-post-thumbnail","6":"brand-ostrovit","7":"product_cat-antioksidanti","8":"product_cat-energija-in-motivacija","9":"product_cat-novo-v-ponudbi","10":"product_cat-obvladovanje-stresa","11":"product_cat-sportna-prehrana-regeneracija","12":"product_cat-uravnavanje-hormonov","13":"product_cat-vitamini-in-minerali","14":"product_tag-hormoni","15":"product_tag-misice","16":"product_tag-spolnost","18":"first","19":"outofstock","20":"taxable","21":"shipping-taxable","22":"purchasable","23":"product-type-simple"},"_links":{"self":[{"href":"https:\/\/fmed.eu\/hr\/wp-json\/wp\/v2\/product\/61461","targetHints":{"allow":["GET"]}}],"collection":[{"href":"https:\/\/fmed.eu\/hr\/wp-json\/wp\/v2\/product"}],"about":[{"href":"https:\/\/fmed.eu\/hr\/wp-json\/wp\/v2\/types\/product"}],"replies":[{"embeddable":true,"href":"https:\/\/fmed.eu\/hr\/wp-json\/wp\/v2\/comments?post=61461"}],"version-history":[{"count":1,"href":"https:\/\/fmed.eu\/hr\/wp-json\/wp\/v2\/product\/61461\/revisions"}],"predecessor-version":[{"id":69183,"href":"https:\/\/fmed.eu\/hr\/wp-json\/wp\/v2\/product\/61461\/revisions\/69183"}],"wp:featuredmedia":[{"embeddable":true,"href":"https:\/\/fmed.eu\/hr\/wp-json\/wp\/v2\/media\/61462"}],"wp:attachment":[{"href":"https:\/\/fmed.eu\/hr\/wp-json\/wp\/v2\/media?parent=61461"}],"wp:term":[{"taxonomy":"brand","embeddable":true,"href":"https:\/\/fmed.eu\/hr\/wp-json\/wp\/v2\/etheme_brands?post=61461"},{"taxonomy":"product_brand","embeddable":true,"href":"https:\/\/fmed.eu\/hr\/wp-json\/wp\/v2\/product_brand?post=61461"},{"taxonomy":"product_cat","embeddable":true,"href":"https:\/\/fmed.eu\/hr\/wp-json\/wp\/v2\/product_cat?post=61461"},{"taxonomy":"product_tag","embeddable":true,"href":"https:\/\/fmed.eu\/hr\/wp-json\/wp\/v2\/product_tag?post=61461"}],"curies":[{"name":"wp","href":"https:\/\/api.w.org\/{rel}","templated":true}]}}