{"id":61502,"date":"2024-09-02T12:22:30","date_gmt":"2024-09-02T10:22:30","guid":{"rendered":"https:\/\/fmed.eu\/product\/natures-way-melisa-lemon-balm-100-veg-kapsul\/"},"modified":"2026-01-06T12:35:35","modified_gmt":"2026-01-06T10:35:35","slug":"natures-way-melisa-lemon-balm-100-veg-kapsul","status":"publish","type":"product","link":"https:\/\/fmed.eu\/hr\/proizvod\/natures-way-melisa-lemon-balm-100-veg-kapsul\/","title":{"rendered":"Nature&#8217;s Way, Melisa &#8211; lemon balm, 100 veg.kapsul"},"content":{"rendered":"<p>Melisa &#8211; Lemon balm, Nature&#8217;s Way<\/p>\n<p>Nature&#8217;s Way Melissa (Lemon Balm) Leaf je visokokakovostno prehransko dopolnilo, izdelano iz skrbno izbranih listov melise, ki so znani po svojih spro\u0161\u010dujo\u010dih in pomirjujo\u010dih lastnostih. Melisa, znana tudi kot limonska melisa, \u017ee stoletja slovi po svoji sposobnosti zmanj\u0161evanja stresa in podpore \u010dustvenemu ravnovesju.<\/p>\n<p>Vsaka kapsula vsebuje 500 mg \u010distega izvle\u010dka listov melise, brez umetnih dodatkov ali konzervansov. Nature&#8217;s Way zagotavlja, da je vsak izdelek izdelan v skladu z najvi\u0161jimi standardi kakovosti in \u010disto\u010de, kar vam omogo\u010da zaupanje v varnost in u\u010dinkovitost izdelka.<\/p>\n<p>Klju\u010dne prednosti:<\/p>\n<p>Pomaga pri laj\u0161anju stresa in tesnobe<br \/>\nPodpira sprostitev in miren spanec<br \/>\nBrez umetnih dodatkov, konzervansov ali polnil<br \/>\nPrimerno za vegetarijance<br \/>\nNature&#8217;s Way Melissa Leaf je idealna izbira za vsakogar, ki si \u017eeli naravno in ne\u017eno podporo pri soo\u010danju s stresom in doseganju \u010dustvenega ravnovesja.<\/p>\n","protected":false},"excerpt":{"rendered":"<div class=\"group w-full text-token-text-primary border-b border-black\/10 gizmo:border-0 dark:border-gray-900\/50 gizmo:dark:border-0 bg-gray-50 gizmo:bg-transparent dark:bg-[#444654] gizmo:dark:bg-transparent\" data-testid=\"conversation-turn-206\">\n<div class=\"p-4 gizmo:py-2 justify-center text-base md:gap-6 md:py-6 m-auto\">\n<div class=\"flex flex-1 gap-4 text-base mx-auto md:gap-6 gizmo:gap-3 gizmo:md:px-5 gizmo:lg:px-1 gizmo:xl:px-5 md:max-w-2xl lg:max-w-[38rem] gizmo:md:max-w-3xl gizmo:lg:max-w-[40rem] gizmo:xl:max-w-[48rem] xl:max-w-3xl }\">\n<div class=\"relative flex w-[calc(100%-50px)] flex-col gizmo:w-full lg:w-[calc(100%-115px)] agent-turn\">\n<div class=\"flex-col gap-1 md:gap-3\">\n<div class=\"flex flex-grow flex-col max-w-full gap-3 gizmo:gap-0\">\n<div class=\"min-h-[20px] text-message peer flex flex-col items-start gap-3 whitespace-pre-wrap break-words peer-[.text-message]:mt-5 overflow-x-auto\" data-message-author-role=\"assistant\" data-message-id=\"e5090baa-4ef7-484a-8e64-2758cd98288d\">\n<div class=\"markdown prose w-full break-words dark:prose-invert dark\">\n<p>Nature&#8217;s Way Melissa Leaf je idealna izbira za vsakogar, ki si \u017eeli naravno in ne\u017eno podporo pri soo\u010danju s stresom in doseganju \u010dustvenega ravnovesja.<\/p>\n<\/div>\n<\/div>\n<\/div>\n<div class=\"flex justify-between empty:hidden gizmo:justify-start gizmo:gap-3 lg:block gizmo:lg:flex\">\n<div class=\"text-gray-400 flex self-end lg:self-center justify-center gizmo:lg:justify-start mt-2 gizmo:mt-0 visible lg:gap-1 lg:absolute lg:top-0 lg:translate-x-full lg:right-0 lg:mt-0 lg:pl-2 gap-2 md:gap-3\">\n<div class=\"flex gap-1\"><\/div>\n<\/div>\n<\/div>\n<\/div>\n<\/div>\n<\/div>\n<\/div>\n<\/div>\n","protected":false},"featured_media":61503,"comment_status":"open","ping_status":"closed","template":"","meta":[],"etheme_brands":[{"term_id":4653,"name":"Nature's Way","slug":"natures-way","term_group":0,"term_taxonomy_id":4653,"taxonomy":"brand","description":"Podjetje je nastalo na podlagi ideje Toma Murdocka, leta 1968. Gospod je namre\u010d iskal na\u010din, kako izbolj\u0161ati zdravje \u017eene. Ko ga je konvencionalna medicina pustila na cedilu, se je zatekel k tradicionalnemu zdravljenju ameri\u0161kih domorodcev. Njihovo zdravljenje temelji na zdravilni mo\u010di rastlin. Iz tega je nastalo podjetje, ki se danes trudi iskati idealno pot med naravo in sodobno znanostjo.","parent":0,"count":12,"filter":"raw"}],"product_brand":[],"product_cat":[3875,3735,3736,3885,3725],"product_tag":[5601,5464,5470],"class_list":{"0":"post-61502","1":"product","2":"type-product","3":"status-publish","4":"has-post-thumbnail","6":"brand-natures-way","7":"product_cat-novo-v-ponudbi","8":"product_cat-spanje-insomnia","9":"product_cat-spomin-in-zdravje-mozganov","10":"product_cat-stres","11":"product_cat-vitamini-in-minerali","12":"product_tag-psiha","13":"product_tag-spanje","14":"product_tag-stres","16":"first","17":"instock","18":"taxable","19":"shipping-taxable","20":"purchasable","21":"product-type-simple"},"_links":{"self":[{"href":"https:\/\/fmed.eu\/hr\/wp-json\/wp\/v2\/product\/61502","targetHints":{"allow":["GET"]}}],"collection":[{"href":"https:\/\/fmed.eu\/hr\/wp-json\/wp\/v2\/product"}],"about":[{"href":"https:\/\/fmed.eu\/hr\/wp-json\/wp\/v2\/types\/product"}],"replies":[{"embeddable":true,"href":"https:\/\/fmed.eu\/hr\/wp-json\/wp\/v2\/comments?post=61502"}],"version-history":[{"count":1,"href":"https:\/\/fmed.eu\/hr\/wp-json\/wp\/v2\/product\/61502\/revisions"}],"predecessor-version":[{"id":69180,"href":"https:\/\/fmed.eu\/hr\/wp-json\/wp\/v2\/product\/61502\/revisions\/69180"}],"wp:featuredmedia":[{"embeddable":true,"href":"https:\/\/fmed.eu\/hr\/wp-json\/wp\/v2\/media\/61503"}],"wp:attachment":[{"href":"https:\/\/fmed.eu\/hr\/wp-json\/wp\/v2\/media?parent=61502"}],"wp:term":[{"taxonomy":"brand","embeddable":true,"href":"https:\/\/fmed.eu\/hr\/wp-json\/wp\/v2\/etheme_brands?post=61502"},{"taxonomy":"product_brand","embeddable":true,"href":"https:\/\/fmed.eu\/hr\/wp-json\/wp\/v2\/product_brand?post=61502"},{"taxonomy":"product_cat","embeddable":true,"href":"https:\/\/fmed.eu\/hr\/wp-json\/wp\/v2\/product_cat?post=61502"},{"taxonomy":"product_tag","embeddable":true,"href":"https:\/\/fmed.eu\/hr\/wp-json\/wp\/v2\/product_tag?post=61502"}],"curies":[{"name":"wp","href":"https:\/\/api.w.org\/{rel}","templated":true}]}}