{"id":61508,"date":"2024-10-04T11:02:43","date_gmt":"2024-10-04T09:02:43","guid":{"rendered":"https:\/\/fmed.eu\/product\/now-foods-naravna-progesteronska-krema\/"},"modified":"2026-02-18T09:35:49","modified_gmt":"2026-02-18T07:35:49","slug":"now-foods-naravna-progesteronska-krema","status":"publish","type":"product","link":"https:\/\/fmed.eu\/hr\/proizvod\/now-foods-naravna-progesteronska-krema\/","title":{"rendered":"NOW Foods, Naravna Progesteronska krema"},"content":{"rendered":"<p>Now Foods, Progesteronska krema 89ml<\/p>\n<p>NOW Foods Natural Progesteron\u00a0 (89 ml) je naravna progesteronska krema iz divjega jama in zeli\u0161\u010d, ki podpirajo hormonsko ravnovesje. Krema je namenjena \u017eenskam, ki \u017eelijo podpreti naravno ravnovesje svojih hormonov. NOW Foods Natural Progesteron krema ne vsebuje umetnih barvil in di\u0161av. NOW Solutions Natural Progesteron vsebuje 20 mg naravnega progesterona na en pritisk pumpice.<\/p>\n<p>Prednosti:<\/p>\n<p>NOW Foods progesteronska krema ne vsebuje di\u0161av in parabenov.<\/p>\n<p>20 mg naravnega progesterona na en pritisk pumpice.<\/p>\n<p>Krema je primerna za vegane in vegetarijance.<\/p>\n<p>NOW Foods progesteronska krema je prav tako brez glutena in soje.<\/p>\n<p>Kaj je progesteron?<br \/>\nProgesteron je \u017eenski spolni hormon (progestogen), ki je pomemben za \u017eensko plodnost. Veliko \u017eensk (in mo\u0161kih) vna\u0161a preve\u010d estrogena v telo, bodisi v obliki ksenostrogenov ali kontracepcijskih tablet. To lahko poru\u0161i ravnovesje med estrogenom in progesteronom v telesu. \u0160e posebej \u017eenske v menopavzi imajo ve\u010dje tveganje za pomanjkanje progesterona.<\/p>\n<p>Pri \u017eenskah progesteron proizvajajo jaj\u010dniki. Proizvodnja progesterona je visoka v drugi polovici menstrualnega ciklusa in nizka med folikularno fazo (prva polovica ciklusa), prav tako pa je nizka pred puberteto in po menopavzi. Po menopavzi je proizvodnja progesterona zmanj\u0161ana. \u010ceprav je ta &#8220;primanjkljaj&#8221; normalen, so raziskave pokazale, da lahko progesteron, vklju\u010dno z naravnimi oblikami, laj\u0161a simptome menopavze.<\/p>\n<p>Kak\u0161ni so simptomi pomanjkanja progesterona?<br \/>\nNeredne menstruacije<br \/>\nPMS in prevladovanje estrogena<br \/>\nSlab spanec, tesnoba, razdra\u017eljivost in nihanje razpolo\u017eenja<br \/>\nNeplodnost in ponavljajo\u010di se splavi<br \/>\nHipotiroidizem (nezadostna aktivnost \u0161\u010ditnice)<br \/>\n\u010ce imate trajne simptome nizke ravni progesterona, obstaja mo\u017enost, da imate pomanjkanje progesterona. Posvetujte se s svojim zdravnikom, da preveri raven progesterona.<\/p>\n","protected":false},"excerpt":{"rendered":"<p>U\u010dinkovita krema z naravnim progesteronom.<\/p>\n","protected":false},"featured_media":61509,"comment_status":"open","ping_status":"closed","template":"","meta":[],"etheme_brands":[{"term_id":4646,"name":"Now Foods","slug":"now-foods","term_group":0,"term_taxonomy_id":4646,"taxonomy":"brand","description":"Now Foods je dru\u017einsko podjetje, ki je nastalo leta 1968. V podjetju prisegajo na naravne in organske proizvode, kar je uslu\u017ebencem in znamki sami prineslo \u0161tevilne nagrade in priznanja. Osrednji moto podjetja je proizvajati visokokakovostne izdelke, ki so strankam cenovno dostopni.","parent":0,"count":33,"filter":"raw"}],"product_brand":[],"product_cat":[3732,5384,3715,3735,3736,3739],"product_tag":[5658,5613,5544,5659,5614],"class_list":{"0":"post-61508","1":"product","2":"type-product","3":"status-publish","4":"has-post-thumbnail","6":"brand-now-foods","7":"product_cat-energija-in-motivacija","8":"product_cat-obvladovanje-stresa","9":"product_cat-ostalo","10":"product_cat-spanje-insomnia","11":"product_cat-spomin-in-zdravje-mozganov","12":"product_cat-uravnavanje-hormonov","13":"product_tag-krema","14":"product_tag-menopavza","15":"product_tag-menstruacija","16":"product_tag-nihanje-razpolozenja","17":"product_tag-progesteron","19":"first","20":"outofstock","21":"taxable","22":"shipping-taxable","23":"purchasable","24":"product-type-simple"},"_links":{"self":[{"href":"https:\/\/fmed.eu\/hr\/wp-json\/wp\/v2\/product\/61508","targetHints":{"allow":["GET"]}}],"collection":[{"href":"https:\/\/fmed.eu\/hr\/wp-json\/wp\/v2\/product"}],"about":[{"href":"https:\/\/fmed.eu\/hr\/wp-json\/wp\/v2\/types\/product"}],"replies":[{"embeddable":true,"href":"https:\/\/fmed.eu\/hr\/wp-json\/wp\/v2\/comments?post=61508"}],"version-history":[{"count":1,"href":"https:\/\/fmed.eu\/hr\/wp-json\/wp\/v2\/product\/61508\/revisions"}],"predecessor-version":[{"id":69179,"href":"https:\/\/fmed.eu\/hr\/wp-json\/wp\/v2\/product\/61508\/revisions\/69179"}],"wp:featuredmedia":[{"embeddable":true,"href":"https:\/\/fmed.eu\/hr\/wp-json\/wp\/v2\/media\/61509"}],"wp:attachment":[{"href":"https:\/\/fmed.eu\/hr\/wp-json\/wp\/v2\/media?parent=61508"}],"wp:term":[{"taxonomy":"brand","embeddable":true,"href":"https:\/\/fmed.eu\/hr\/wp-json\/wp\/v2\/etheme_brands?post=61508"},{"taxonomy":"product_brand","embeddable":true,"href":"https:\/\/fmed.eu\/hr\/wp-json\/wp\/v2\/product_brand?post=61508"},{"taxonomy":"product_cat","embeddable":true,"href":"https:\/\/fmed.eu\/hr\/wp-json\/wp\/v2\/product_cat?post=61508"},{"taxonomy":"product_tag","embeddable":true,"href":"https:\/\/fmed.eu\/hr\/wp-json\/wp\/v2\/product_tag?post=61508"}],"curies":[{"name":"wp","href":"https:\/\/api.w.org\/{rel}","templated":true}]}}