{"id":61518,"date":"2024-10-07T08:55:34","date_gmt":"2024-10-07T08:55:34","guid":{"rendered":"https:\/\/fmed.eu\/product\/ostrovit-pharma-immune-aid-kids-v-prahu-100g\/"},"modified":"2026-01-06T12:36:30","modified_gmt":"2026-01-06T10:36:30","slug":"ostrovit-pharma-immune-aid-kids-v-prahu-100g","status":"publish","type":"product","link":"https:\/\/fmed.eu\/hr\/proizvod\/ostrovit-pharma-immune-aid-kids-v-prahu-100g\/","title":{"rendered":"OstroVit Pharma, Immune Aid Kids v prahu, 100g"},"content":{"rendered":"<p>OstroVit Immune Aid Kids v prahu, okus malina<\/p>\n<p>OstroVit Pharma Immune Aid Kids je kakovostno prehransko dopolnilo, saj vsebuje skrbno izbrane sestavine, ki so znane po svojih pozitivnih u\u010dinkih na imunski sistem in splo\u0161no zdravje otrok.<\/p>\n<p>Glavne prednosti sestavin:<br \/>\nVitamin C (iz acerole in \u0161ipka) je znan po svojih mo\u010dnih antioksidativnih lastnostih in podpori imunskega sistema. Iz naravnih virov je ta vitamin \u0161e posebej cenjen.<br \/>\nVitamin D pomaga pri absorpciji kalcija, kar je pomembno za razvoj zdravih kosti in zob pri otrocih.<br \/>\nCink je klju\u010den za pravilno delovanje imunskega sistema in splo\u0161no zdravje ko\u017ee, las in nohtov.<br \/>\nProbiotiki in prebiotiki (kot sta inulin in Bacillus coagulans) podpirajo zdravo \u010drevesno floro, kar je bistveno za mo\u010dan imunski sistem.<br \/>\nKolostrum in laktoferin sta sestavini, ki prispevata k naravni za\u0161\u010diti in dodatni krepitvi imunskega sistema.<\/p>\n<p>To dopolnilo ponuja \u0161irok spekter hranilnih snovi, ki so klju\u010dne za podporo otro\u0161kega razvoja in zdravja. Dopolnilo ne vsebuje umetnih barvil ali alergenov, kar je \u0161e dodatna prednost.<\/p>\n<p>Dopolnilo je primerno za otroke starej\u0161e od enega leta in se lahko prilagaja individualnim potrebam glede na starost in potrebe otroka.<\/p>\n","protected":false},"excerpt":{"rendered":"<p>OstroVit Pharma Immune Aid Kids je prehransko dopolnilo, namenjeno krepitvi imunskega sistema otrok. Gre za kompleks vitaminov, mineralov, rastlinskih izvle\u010dkov, probiotikov in prebiotikov, ki skupaj podpirajo splo\u0161no zdravje in odpornost otrok.<\/p>\n","protected":false},"featured_media":61519,"comment_status":"open","ping_status":"closed","template":"","meta":[],"etheme_brands":[{"term_id":4783,"name":"Ostrovit","slug":"ostrovit","term_group":0,"term_taxonomy_id":4783,"taxonomy":"brand","description":"","parent":0,"count":37,"filter":"raw"}],"product_brand":[],"product_cat":[3875,5385],"product_tag":[5673,5500,5503,5684,5780,5779,5797],"class_list":{"0":"post-61518","1":"product","2":"type-product","3":"status-publish","4":"has-post-thumbnail","6":"brand-ostrovit","7":"product_cat-novo-v-ponudbi","8":"product_cat-sportna-prehrana-regeneracija","9":"product_tag-cink","10":"product_tag-imunski-sistem","11":"product_tag-prehlad","12":"product_tag-probiotik","13":"product_tag-vitamin-c","14":"product_tag-vitamin-d3","15":"product_tag-zdravje-otrok","17":"first","18":"instock","19":"taxable","20":"shipping-taxable","21":"purchasable","22":"product-type-simple"},"_links":{"self":[{"href":"https:\/\/fmed.eu\/hr\/wp-json\/wp\/v2\/product\/61518","targetHints":{"allow":["GET"]}}],"collection":[{"href":"https:\/\/fmed.eu\/hr\/wp-json\/wp\/v2\/product"}],"about":[{"href":"https:\/\/fmed.eu\/hr\/wp-json\/wp\/v2\/types\/product"}],"replies":[{"embeddable":true,"href":"https:\/\/fmed.eu\/hr\/wp-json\/wp\/v2\/comments?post=61518"}],"version-history":[{"count":1,"href":"https:\/\/fmed.eu\/hr\/wp-json\/wp\/v2\/product\/61518\/revisions"}],"predecessor-version":[{"id":69178,"href":"https:\/\/fmed.eu\/hr\/wp-json\/wp\/v2\/product\/61518\/revisions\/69178"}],"wp:featuredmedia":[{"embeddable":true,"href":"https:\/\/fmed.eu\/hr\/wp-json\/wp\/v2\/media\/61519"}],"wp:attachment":[{"href":"https:\/\/fmed.eu\/hr\/wp-json\/wp\/v2\/media?parent=61518"}],"wp:term":[{"taxonomy":"brand","embeddable":true,"href":"https:\/\/fmed.eu\/hr\/wp-json\/wp\/v2\/etheme_brands?post=61518"},{"taxonomy":"product_brand","embeddable":true,"href":"https:\/\/fmed.eu\/hr\/wp-json\/wp\/v2\/product_brand?post=61518"},{"taxonomy":"product_cat","embeddable":true,"href":"https:\/\/fmed.eu\/hr\/wp-json\/wp\/v2\/product_cat?post=61518"},{"taxonomy":"product_tag","embeddable":true,"href":"https:\/\/fmed.eu\/hr\/wp-json\/wp\/v2\/product_tag?post=61518"}],"curies":[{"name":"wp","href":"https:\/\/api.w.org\/{rel}","templated":true}]}}