{"id":68979,"date":"2025-01-13T11:20:19","date_gmt":"2025-01-13T09:20:19","guid":{"rendered":"https:\/\/fmed.eu\/izdelek\/ostrovit-proteinska-salica-cokolada-jagoda\/"},"modified":"2025-05-29T08:07:13","modified_gmt":"2025-05-29T06:07:13","slug":"ostrovit-proteinska-salica-cokolada-jagoda","status":"publish","type":"product","link":"https:\/\/fmed.eu\/hr\/proizvod\/ostrovit-proteinska-salica-cokolada-jagoda\/","title":{"rendered":"OstroVit, Proteinska \u0160alica, \u010cokolada-Jagoda"},"content":{"rendered":"<p>OstroVit, Protein Mug torta, \u010dokolada &#8211; jagoda, 360g<\/p>\n<p>OstroVit Protein Mug Cake ili cupcake je mje\u0161avina za pripremu proteinskih muffina, koja sadr\u017ei \u010dak 34% proteina u porciji proizvoda. To je visokokvalitetni pripravak ukusnog, \u010dokoladno-jagodastog okusa, koji ne sadr\u017ei dodani \u0161e\u0107er. To je proizvod stvoren za ljubitelje slatki\u0161a koji \u017eele nadopuniti svoju svakodnevnu prehranu vrijednim makronutrijentom.  <\/p>\n<p>Izvor proteina \u2013 Jedna porcija proizvoda sadr\u017ei 15 g, \u0161to je 34% visokokvalitetnih proteina.<\/p>\n<p>Ukusna verzija okusa &#8211; Kombinacija topive \u010dokolade i slatke jagode neodoljiv je sastav.<\/p>\n<p>Bez dodanog \u0161e\u0107era &#8211; Smjesa sadr\u017ei niskoenergetski zasla\u0111iva\u010d sukralozu, \u0161to pridonosi smanjenju energetskog sadr\u017eaja proizvoda.<\/p>\n<p>1 doza = 45 g = 4 mjerice.<\/p>\n<p>U\u010dinkovitost &#8211; Pakiranje proizvoda sadr\u017ei 8 porcija smjese, \u0161to je potrebno za pripremu proteinskog muffina.<\/p>\n<p>Prikladan dizajn i kratko vrijeme pripreme &#8211; Samo pomije\u0161ajte proizvod s vodom ili mlijekom i stavite ga u mikrovalnu pe\u0107nicu na dvije minute.<\/p>\n<p>Dvije minute \u2013 to je sve \u0161to vas dijeli od visokoproteinskog trenutka slatkog zaborava!<\/p>\n<p>OstroVit Protein Mug Cake je mje\u0161avina za samostalnu pripremu proteinskih kola\u010da, preporu\u010duje se posebno tjelesno aktivnim osobama i sporta\u0161ima koje odlikuje pove\u0107ana potreba za proteinima. U visokoproteinskom me\u0111uobroku mogu u\u017eivati i osobe na redukcijskoj dijeti i intenzivnom na\u010dinu \u017eivota, kojima je va\u017ean trenutak slatkog u\u017eitka i nadopunjavanje dnevne prehrane vrijednim makronutrijentom. <\/p>\n","protected":false},"excerpt":{"rendered":"<p>Tri-kreatin malat je vrhunski oblik kreatina namijenjen sporta\u0161ima i aktivnim pojedincima koji \u017eele posti\u0107i vrhunske rezultate u treningu.<\/p>\n","protected":false},"featured_media":61694,"comment_status":"open","ping_status":"closed","template":"","meta":[],"etheme_brands":[{"term_id":6242,"name":"Ostrovit","slug":"ostrovit-hr","term_group":0,"term_taxonomy_id":6242,"taxonomy":"brand","description":"","parent":0,"count":6,"filter":"raw"}],"product_brand":[],"product_cat":[6246,5426],"product_tag":[6257,6259,6266,6264,6261,6263,6268],"class_list":{"0":"post-68979","1":"product","2":"type-product","3":"status-publish","4":"has-post-thumbnail","6":"brand-ostrovit-hr","7":"product_cat-nekategorizirane","8":"product_cat-protein-hr","9":"product_tag-energija-hr","10":"product_tag-misici-hr","11":"product_tag-moc-hr","12":"product_tag-obuka","13":"product_tag-proteini-hr","14":"product_tag-sport-hr","15":"product_tag-zakuska","17":"first","18":"instock","19":"taxable","20":"shipping-taxable","21":"purchasable","22":"product-type-simple"},"_links":{"self":[{"href":"https:\/\/fmed.eu\/hr\/wp-json\/wp\/v2\/product\/68979","targetHints":{"allow":["GET"]}}],"collection":[{"href":"https:\/\/fmed.eu\/hr\/wp-json\/wp\/v2\/product"}],"about":[{"href":"https:\/\/fmed.eu\/hr\/wp-json\/wp\/v2\/types\/product"}],"replies":[{"embeddable":true,"href":"https:\/\/fmed.eu\/hr\/wp-json\/wp\/v2\/comments?post=68979"}],"version-history":[{"count":1,"href":"https:\/\/fmed.eu\/hr\/wp-json\/wp\/v2\/product\/68979\/revisions"}],"predecessor-version":[{"id":69526,"href":"https:\/\/fmed.eu\/hr\/wp-json\/wp\/v2\/product\/68979\/revisions\/69526"}],"wp:featuredmedia":[{"embeddable":true,"href":"https:\/\/fmed.eu\/hr\/wp-json\/wp\/v2\/media\/61694"}],"wp:attachment":[{"href":"https:\/\/fmed.eu\/hr\/wp-json\/wp\/v2\/media?parent=68979"}],"wp:term":[{"taxonomy":"brand","embeddable":true,"href":"https:\/\/fmed.eu\/hr\/wp-json\/wp\/v2\/etheme_brands?post=68979"},{"taxonomy":"product_brand","embeddable":true,"href":"https:\/\/fmed.eu\/hr\/wp-json\/wp\/v2\/product_brand?post=68979"},{"taxonomy":"product_cat","embeddable":true,"href":"https:\/\/fmed.eu\/hr\/wp-json\/wp\/v2\/product_cat?post=68979"},{"taxonomy":"product_tag","embeddable":true,"href":"https:\/\/fmed.eu\/hr\/wp-json\/wp\/v2\/product_tag?post=68979"}],"curies":[{"name":"wp","href":"https:\/\/api.w.org\/{rel}","templated":true}]}}