{"id":69523,"date":"2025-01-13T08:39:39","date_gmt":"2025-01-13T08:39:39","guid":{"rendered":"https:\/\/fmed.eu\/izdelek\/ostrovit-tri-kreatin-malat-500g\/"},"modified":"2025-01-13T08:39:39","modified_gmt":"2025-01-13T06:39:39","slug":"ostrovit-tri-kreatin-malat-500g","status":"publish","type":"product","link":"https:\/\/fmed.eu\/hr\/proizvod\/ostrovit-tri-kreatin-malat-500g\/","title":{"rendered":"OstroVit, TRI kreatin malat, 500g"},"content":{"rendered":"<p>OstroVit, TRI kreatin malat, 500g<\/p>\n<p>Tri-kreatin malat \u2013 Napredni oblik kreatina za maksimalne performanse<br \/>\nTri-kreatin malat je vrhunski oblik kreatina namijenjen sporta\u0161ima i aktivnim pojedincima koji \u017eele posti\u0107i vrhunske rezultate u treningu. Ovaj poseban spoj kombinira tri molekule kreatina i jednu molekulu jabu\u010dne kiseline, \u0161to osigurava bolju stabilnost, ve\u0107u apsorpciju i dodatne energetske prednosti u usporedbi s klasi\u010dnim kreatin monohidratom. <\/p>\n<p>Za\u0161to odabrati Tri-Creatine Malate?<\/p>\n<p>Bolja apsorpcija<br \/>\nKombinacija kreatina i malata pobolj\u0161ava stabilnost i smanjuje pretvorbu kreatina u kreatinin (neaktivni nusprodukt). To zna\u010di da va\u0161e tijelo u\u010dinkovitije koristi kreatin, \u0161to pove\u0107ava mi\u0161i\u0107nu snagu i izdr\u017eljivost. <\/p>\n<p>Jabu\u010dna kiselina je klju\u010dna komponenta Krebsovog ciklusa, koja je odgovorna za proizvodnju energije. To zna\u010di da osim blagodati kreatina, dobivate i pove\u0107anje aerobnog kapaciteta. <\/p>\n<p>Manje zadr\u017eavanja vode Tri-kreatin<br \/>\nmalat manje je vjerojatno da \u0107e uzrokovati nadutost ili zadr\u017eavanje vode, \u0161to ga \u010dini odli\u010dnim izborom za one koji \u017eele \u010distu mi\u0161i\u0107nu masu i definiraniji izgled.<\/p>\n<p>Pobolj\u0161ana regeneracija<br \/>\nKreatin poma\u017ee br\u017eem oporavku mi\u0161i\u0107a nakon intenzivnih treninga, omogu\u0107uju\u0107i \u010de\u0161\u0107e vje\u017ebanje i bolje rezultate.<\/p>\n<p>Prednosti kori\u0161tenja Tri-kreatin malata<\/p>\n<p>Pove\u0107ava snagu i eksplozivnost tijekom treninga.<\/p>\n<p>Dugoro\u010dno podr\u017eava rast mi\u0161i\u0107ne mase.<\/p>\n<p>Pobolj\u0161ava izdr\u017eljivost tijekom dugotrajnog napora.<\/p>\n<p>Manje probavnih problema u usporedbi s drugim oblicima kreatina.<\/p>\n<p>Pogodno za sporta\u0161e u raznim disciplinama, od dizanja utega do sportova izdr\u017eljivosti.<\/p>\n","protected":false},"excerpt":{"rendered":"<p>Tri-kreatin malat je vrhunski oblik kreatina namijenjen sporta\u0161ima i aktivnim pojedincima koji \u017eele posti\u0107i vrhunske rezultate u treningu.<\/p>\n","protected":false},"featured_media":61684,"comment_status":"open","ping_status":"closed","template":"","meta":[],"etheme_brands":[{"term_id":6242,"name":"Ostrovit","slug":"ostrovit-hr","term_group":0,"term_taxonomy_id":6242,"taxonomy":"brand","description":"","parent":0,"count":6,"filter":"raw"}],"product_brand":[],"product_cat":[6246,5426],"product_tag":[6257,6259,6266,6264,6263],"class_list":{"0":"post-69523","1":"product","2":"type-product","3":"status-publish","4":"has-post-thumbnail","6":"brand-ostrovit-hr","7":"product_cat-nekategorizirane","8":"product_cat-protein-hr","9":"product_tag-energija-hr","10":"product_tag-misici-hr","11":"product_tag-moc-hr","12":"product_tag-obuka","13":"product_tag-sport-hr","15":"first","16":"outofstock","17":"taxable","18":"shipping-taxable","19":"purchasable","20":"product-type-simple"},"_links":{"self":[{"href":"https:\/\/fmed.eu\/hr\/wp-json\/wp\/v2\/product\/69523","targetHints":{"allow":["GET"]}}],"collection":[{"href":"https:\/\/fmed.eu\/hr\/wp-json\/wp\/v2\/product"}],"about":[{"href":"https:\/\/fmed.eu\/hr\/wp-json\/wp\/v2\/types\/product"}],"replies":[{"embeddable":true,"href":"https:\/\/fmed.eu\/hr\/wp-json\/wp\/v2\/comments?post=69523"}],"version-history":[{"count":0,"href":"https:\/\/fmed.eu\/hr\/wp-json\/wp\/v2\/product\/69523\/revisions"}],"wp:featuredmedia":[{"embeddable":true,"href":"https:\/\/fmed.eu\/hr\/wp-json\/wp\/v2\/media\/61684"}],"wp:attachment":[{"href":"https:\/\/fmed.eu\/hr\/wp-json\/wp\/v2\/media?parent=69523"}],"wp:term":[{"taxonomy":"brand","embeddable":true,"href":"https:\/\/fmed.eu\/hr\/wp-json\/wp\/v2\/etheme_brands?post=69523"},{"taxonomy":"product_brand","embeddable":true,"href":"https:\/\/fmed.eu\/hr\/wp-json\/wp\/v2\/product_brand?post=69523"},{"taxonomy":"product_cat","embeddable":true,"href":"https:\/\/fmed.eu\/hr\/wp-json\/wp\/v2\/product_cat?post=69523"},{"taxonomy":"product_tag","embeddable":true,"href":"https:\/\/fmed.eu\/hr\/wp-json\/wp\/v2\/product_tag?post=69523"}],"curies":[{"name":"wp","href":"https:\/\/api.w.org\/{rel}","templated":true}]}}