{"id":69551,"date":"2024-10-10T06:44:32","date_gmt":"2024-10-10T06:44:32","guid":{"rendered":"https:\/\/fmed.eu\/izdelek\/now-foods-l-glutamin-500-mg-120-vegetarijanskih-kapsula\/"},"modified":"2024-10-10T06:44:32","modified_gmt":"2024-10-10T04:44:32","slug":"now-foods-l-glutamin-500-mg-120-vegetarijanskih-kapsula","status":"publish","type":"product","link":"https:\/\/fmed.eu\/hr\/proizvod\/now-foods-l-glutamin-500-mg-120-vegetarijanskih-kapsula\/","title":{"rendered":"Now Foods, L-glutamin 500 mg, 120 vegetarijanskih kapsula"},"content":{"rendered":"<p>Now Foods L-glutamin 500mg, 120 vegetarijanskih kapsula<\/p>\n<p>Glutamin je najzastupljenija aminokiselina u ljudskom tijelu. Poma\u017ee u stvaranju drugih, va\u017enih aminokiselina, glukoze, proteina i glavnog antioksidansa glutationa. Mo\u017ee se djelomi\u010dno skladi\u0161titi u mi\u0161i\u0107ima i glavni je izvor energije za stanice tankog crijeva, fibroblaste i imunolo\u0161ki sustav. Ove specifi\u010dne stanice \u010dak ga koriste, a ne glukozu.   <\/p>\n<p>L-glutamin je aminokiselina koja je klju\u010dna za mnoge tjelesne funkcije, kao \u0161to su zdravlje probave, regeneracija mi\u0161i\u0107a i podr\u0161ka imunolo\u0161kom sustavu. NOW Foods L-glutamin je dodatak prehrani koji sadr\u017ei ovu va\u017enu aminokiselinu i \u010desto ga koriste sporta\u0161i, osobe s probavnim problemima ili oni koji se bave tjelesnim aktivnostima visokog intenziteta. <\/p>\n<p>Klju\u010dne zna\u010dajke L-Glutamine NOW hrane:<\/p>\n<p>Podr\u0161ka oporavku mi\u0161i\u0107a: Poznato je da L-glutamin poma\u017ee u oporavku mi\u0161i\u0107a nakon vje\u017ebanja. \u010cesto ga uzimaju sporta\u0161i, jer mo\u017ee smanjiti umor mi\u0161i\u0107a i ubrzati oporavak. <\/p>\n<p>Zdravlje probave: L-glutamin podr\u017eava zdravlje crijevne sluznice i mo\u017ee pomo\u0107i kod problema kao \u0161to je curenje crijeva. Tako\u0111er poma\u017ee u zacjeljivanju i obnavljanju crijevnih stanica. <\/p>\n<p>Imunolo\u0161ka podr\u0161ka: Budu\u0107i da je glutamin va\u017ean izvor energije za stanice imunolo\u0161kog sustava, mo\u017ee pomo\u0107i u ja\u010danju imunolo\u0161kog odgovora, osobito tijekom razdoblja stresa ili bolesti.<\/p>\n<p>\u010cisto\u0107a i kvaliteta: NOW Foods je renomirani brend poznat po visokokvalitetnim dodacima prehrani. Njihov L-glutamin je \u010desto veganski, bez glutena i ne sadr\u017ei umjetne dodatke. <\/p>\n","protected":false},"excerpt":{"rendered":"<p>Aminokiselina za obnovu crijeva i sna\u017ean imunolo\u0161ki sustav.<\/p>\n","protected":false},"featured_media":61592,"comment_status":"open","ping_status":"closed","template":"","meta":[],"etheme_brands":[{"term_id":4722,"name":"Now Foods","slug":"now-foods-hr","term_group":0,"term_taxonomy_id":4722,"taxonomy":"brand","description":"Now Foods je obiteljska tvrtka osnovana 1968. godine. Tvrtka pose\u017ee za prirodnim i organskim proizvodima, \u0161to je zaposlenicima i samoj marki donijelo mno\u0161tvo nagrada i priznanja. Sredi\u0161nji moto tvrtke je proizvodnja visokokvalitetnih proizvoda koji su pristupa\u010dni kupcima.","parent":0,"count":12,"filter":"raw"}],"product_brand":[],"product_cat":[3827,3830,5423,3834,3835],"product_tag":[6341,6276,6342,6338,6344],"class_list":{"0":"post-69551","1":"product","2":"type-product","3":"status-publish","4":"has-post-thumbnail","6":"brand-now-foods-hr","7":"product_cat-detoksikacija-i-jetra","8":"product_cat-imunoloski-sustav","9":"product_cat-prehlade","10":"product_cat-probava-zeludac-crijeva","11":"product_cat-upala-autoimune-bolesti","12":"product_tag-bolesti-avotoksina","13":"product_tag-imunoloski-sustav-hr","14":"product_tag-opekline-hr","15":"product_tag-propusno-crijevo-hr","16":"product_tag-propustajuca-crijeva","18":"first","19":"instock","20":"taxable","21":"shipping-taxable","22":"purchasable","23":"product-type-simple"},"_links":{"self":[{"href":"https:\/\/fmed.eu\/hr\/wp-json\/wp\/v2\/product\/69551","targetHints":{"allow":["GET"]}}],"collection":[{"href":"https:\/\/fmed.eu\/hr\/wp-json\/wp\/v2\/product"}],"about":[{"href":"https:\/\/fmed.eu\/hr\/wp-json\/wp\/v2\/types\/product"}],"replies":[{"embeddable":true,"href":"https:\/\/fmed.eu\/hr\/wp-json\/wp\/v2\/comments?post=69551"}],"version-history":[{"count":0,"href":"https:\/\/fmed.eu\/hr\/wp-json\/wp\/v2\/product\/69551\/revisions"}],"wp:featuredmedia":[{"embeddable":true,"href":"https:\/\/fmed.eu\/hr\/wp-json\/wp\/v2\/media\/61592"}],"wp:attachment":[{"href":"https:\/\/fmed.eu\/hr\/wp-json\/wp\/v2\/media?parent=69551"}],"wp:term":[{"taxonomy":"brand","embeddable":true,"href":"https:\/\/fmed.eu\/hr\/wp-json\/wp\/v2\/etheme_brands?post=69551"},{"taxonomy":"product_brand","embeddable":true,"href":"https:\/\/fmed.eu\/hr\/wp-json\/wp\/v2\/product_brand?post=69551"},{"taxonomy":"product_cat","embeddable":true,"href":"https:\/\/fmed.eu\/hr\/wp-json\/wp\/v2\/product_cat?post=69551"},{"taxonomy":"product_tag","embeddable":true,"href":"https:\/\/fmed.eu\/hr\/wp-json\/wp\/v2\/product_tag?post=69551"}],"curies":[{"name":"wp","href":"https:\/\/api.w.org\/{rel}","templated":true}]}}