{"id":69554,"date":"2024-11-27T07:25:43","date_gmt":"2024-11-27T07:25:43","guid":{"rendered":"https:\/\/fmed.eu\/izdelek\/sirova-priroda-prirodni-dezodorans\/"},"modified":"2024-11-27T07:25:43","modified_gmt":"2024-11-27T05:25:43","slug":"sirova-priroda-prirodni-dezodorans","status":"publish","type":"product","link":"https:\/\/fmed.eu\/hr\/proizvod\/sirova-priroda-prirodni-dezodorans\/","title":{"rendered":"Sirova priroda, prirodni dezodorans"},"content":{"rendered":"<p>Sirova priroda, prirodni dezodorans miris ru\u017ee, jasmina i kokosa<\/p>\n<p>Prirodni dezodorans Raw Nature visokokvalitetni je prirodni proizvod dizajniran za u\u010dinkovitu njegu i za\u0161titu od neugodnih mirisa, bez upotrebe \u0161tetnih kemikalija. Proizvod je idealan za ljude koji \u017eele prirodnu alternativu konvencionalnim dezodoransima, a istovremeno brinu o zdravlju svoje ko\u017ee i okoli\u0161a. <\/p>\n<p>Glavne zna\u010dajke:<\/p>\n<p>100% prirodni sastojci:<\/p>\n<p>Sadr\u017ei biljne ekstrakte, prirodna ulja i mineralne komponente.<\/p>\n<p>Bez aluminija, parabena, sinteti\u010dkih mirisa ili \u0161tetnih kemikalija.<\/p>\n<p>Nje\u017ena njega ko\u017ee:<\/p>\n<p>Oboga\u0107en hidratantnim sastojcima poput kokosovog ulja, shea maslaca ili bademovog ulja za njegu i za\u0161titu ko\u017ee.<br \/>\nPogodan i za osjetljivu ko\u017eu.<\/p>\n<p>Dugoro\u010dna za\u0161tita:<\/p>\n<p>Neutralizira neugodan miris tijekom dana, bez blokiranja prirodnog znojenja.<br \/>\nSadr\u017ei prirodne antibakterijske sastojke, poput sode bikarbone ili cinkovog oksida, koji inhibiraju rast bakterija koje uzrokuju neugodne mirise.<\/p>\n<p>Biorazgradiva ili reciklirana ambala\u017ea koja je ekolo\u0161ki prihvatljiva.<\/p>\n<p>Nema: aluminij | SLS | PEG | parabeni | ftalati | Umjetni mirisi | Palmino ulje | Plasti\u010dan<\/p>\n","protected":false},"excerpt":{"rendered":"<p>Prirodni dezodorans Raw Nature savr\u0161en je izbor za svakoga tko \u017eeli spojiti njegu, u\u010dinkovitost i prirodnu formulu u jednom proizvodu.<\/p>\n","protected":false},"featured_media":61608,"comment_status":"open","ping_status":"closed","template":"","meta":[],"etheme_brands":[{"term_id":6353,"name":"Sirova priroda","slug":"sirova-priroda","term_group":0,"term_taxonomy_id":6353,"taxonomy":"brand","description":"","parent":0,"count":3,"filter":"raw"}],"product_brand":[],"product_cat":[3882],"product_tag":[6354,6356,6355],"class_list":{"0":"post-69554","1":"product","2":"type-product","3":"status-publish","4":"has-post-thumbnail","6":"brand-sirova-priroda","7":"product_cat-novo-u-ponudi","8":"product_tag-deodorant-hr","9":"product_tag-prirodan","10":"product_tag-znojenje-hr","12":"first","13":"instock","14":"taxable","15":"shipping-taxable","16":"purchasable","17":"product-type-simple"},"_links":{"self":[{"href":"https:\/\/fmed.eu\/hr\/wp-json\/wp\/v2\/product\/69554","targetHints":{"allow":["GET"]}}],"collection":[{"href":"https:\/\/fmed.eu\/hr\/wp-json\/wp\/v2\/product"}],"about":[{"href":"https:\/\/fmed.eu\/hr\/wp-json\/wp\/v2\/types\/product"}],"replies":[{"embeddable":true,"href":"https:\/\/fmed.eu\/hr\/wp-json\/wp\/v2\/comments?post=69554"}],"version-history":[{"count":0,"href":"https:\/\/fmed.eu\/hr\/wp-json\/wp\/v2\/product\/69554\/revisions"}],"wp:featuredmedia":[{"embeddable":true,"href":"https:\/\/fmed.eu\/hr\/wp-json\/wp\/v2\/media\/61608"}],"wp:attachment":[{"href":"https:\/\/fmed.eu\/hr\/wp-json\/wp\/v2\/media?parent=69554"}],"wp:term":[{"taxonomy":"brand","embeddable":true,"href":"https:\/\/fmed.eu\/hr\/wp-json\/wp\/v2\/etheme_brands?post=69554"},{"taxonomy":"product_brand","embeddable":true,"href":"https:\/\/fmed.eu\/hr\/wp-json\/wp\/v2\/product_brand?post=69554"},{"taxonomy":"product_cat","embeddable":true,"href":"https:\/\/fmed.eu\/hr\/wp-json\/wp\/v2\/product_cat?post=69554"},{"taxonomy":"product_tag","embeddable":true,"href":"https:\/\/fmed.eu\/hr\/wp-json\/wp\/v2\/product_tag?post=69554"}],"curies":[{"name":"wp","href":"https:\/\/api.w.org\/{rel}","templated":true}]}}