{"id":69555,"date":"2024-10-09T07:57:10","date_gmt":"2024-10-09T07:57:10","guid":{"rendered":"https:\/\/fmed.eu\/izdelek\/ostrovit-vitamin-d3k2-90-kapsula\/"},"modified":"2024-10-09T07:57:10","modified_gmt":"2024-10-09T05:57:10","slug":"ostrovit-vitamin-d3k2-90-kapsula","status":"publish","type":"product","link":"https:\/\/fmed.eu\/hr\/proizvod\/ostrovit-vitamin-d3k2-90-kapsula\/","title":{"rendered":"OstroVit, Vitamin D3+K2, 90 kapsula"},"content":{"rendered":"<p>OstroVit, Vitamin D3+K2, 90 kapsula<\/p>\n<p>Vitamin D3 (kolekalciferol): Holekalciferol je prirodni oblik vitamina D koji tijelo proizvodi kada je izlo\u017eeno sun\u010devoj svjetlosti. Vitamin D3 va\u017ean je za zdravlje kostiju, jer pove\u0107ava apsorpciju kalcija i fosfora iz probavnog trakta. Tako\u0111er igra ulogu u funkcioniranju imunolo\u0161kog sustava.  <\/p>\n<p>Vitamin K2 (menakinon): Menakinon je oblik vitamina K koji igra ulogu u metabolizmu kalcija. Vitamin K2 klju\u010dan je za usmjeravanje kalcija u kosti i zube, a istovremeno ga uklanja iz arterija i drugih mekih tkiva, \u0161to mo\u017ee pomo\u0107i u smanjenju rizika od kalcifikacije arterija. <\/p>\n<p>Sinergijski u\u010dinak:<\/p>\n<p>Kombinacija vitamina D3 i K2 u jednom proizvodu ima sinergijski u\u010dinak, jer se me\u0111usobno nadopunjuju i mogu pridonijeti boljoj regulaciji kalcija u tijelu.<\/p>\n<p>Va\u017enost omjera izme\u0111u vitamina D i K:<\/p>\n<p>Omjer vitamina D i K va\u017ean je za regulaciju kalcija u tijelu. Optimalan omjer mo\u017ee doprinijeti zdravlju kostiju i srca. <\/p>\n","protected":false},"excerpt":{"rendered":"<p>OstroVit D3 + K2 je dodatak prehrani koji kombinira vitamin D3 (kolekalciferol) i vitamin K2.<\/p>\n","protected":false},"featured_media":61556,"comment_status":"open","ping_status":"closed","template":"","meta":[],"etheme_brands":[{"term_id":6242,"name":"Ostrovit","slug":"ostrovit-hr","term_group":0,"term_taxonomy_id":6242,"taxonomy":"brand","description":"","parent":0,"count":6,"filter":"raw"}],"product_brand":[],"product_cat":[3830,3882,5423,5414],"product_tag":[6276,6357,6358],"class_list":{"0":"post-69555","1":"product","2":"type-product","3":"status-publish","4":"has-post-thumbnail","6":"brand-ostrovit-hr","7":"product_cat-imunoloski-sustav","8":"product_cat-novo-u-ponudi","9":"product_cat-prehlade","10":"product_cat-vitamin-d-hr-2","11":"product_tag-imunoloski-sustav-hr","12":"product_tag-vitamin-d3-hr","13":"product_tag-zdravlje-kostiju","15":"first","16":"outofstock","17":"taxable","18":"shipping-taxable","19":"purchasable","20":"product-type-simple"},"_links":{"self":[{"href":"https:\/\/fmed.eu\/hr\/wp-json\/wp\/v2\/product\/69555","targetHints":{"allow":["GET"]}}],"collection":[{"href":"https:\/\/fmed.eu\/hr\/wp-json\/wp\/v2\/product"}],"about":[{"href":"https:\/\/fmed.eu\/hr\/wp-json\/wp\/v2\/types\/product"}],"replies":[{"embeddable":true,"href":"https:\/\/fmed.eu\/hr\/wp-json\/wp\/v2\/comments?post=69555"}],"version-history":[{"count":0,"href":"https:\/\/fmed.eu\/hr\/wp-json\/wp\/v2\/product\/69555\/revisions"}],"wp:featuredmedia":[{"embeddable":true,"href":"https:\/\/fmed.eu\/hr\/wp-json\/wp\/v2\/media\/61556"}],"wp:attachment":[{"href":"https:\/\/fmed.eu\/hr\/wp-json\/wp\/v2\/media?parent=69555"}],"wp:term":[{"taxonomy":"brand","embeddable":true,"href":"https:\/\/fmed.eu\/hr\/wp-json\/wp\/v2\/etheme_brands?post=69555"},{"taxonomy":"product_brand","embeddable":true,"href":"https:\/\/fmed.eu\/hr\/wp-json\/wp\/v2\/product_brand?post=69555"},{"taxonomy":"product_cat","embeddable":true,"href":"https:\/\/fmed.eu\/hr\/wp-json\/wp\/v2\/product_cat?post=69555"},{"taxonomy":"product_tag","embeddable":true,"href":"https:\/\/fmed.eu\/hr\/wp-json\/wp\/v2\/product_tag?post=69555"}],"curies":[{"name":"wp","href":"https:\/\/api.w.org\/{rel}","templated":true}]}}