{"id":69559,"date":"2024-10-09T10:19:24","date_gmt":"2024-10-09T10:19:24","guid":{"rendered":"https:\/\/fmed.eu\/izdelek\/ostrovit-pharma-metil-b-kompleks-kids-kapi\/"},"modified":"2024-10-09T10:19:24","modified_gmt":"2024-10-09T08:19:24","slug":"ostrovit-pharma-metil-b-kompleks-kids-kapi","status":"publish","type":"product","link":"https:\/\/fmed.eu\/hr\/proizvod\/ostrovit-pharma-metil-b-kompleks-kids-kapi\/","title":{"rendered":"OstroVit Pharma, Metil B-kompleks KIDS, kapi"},"content":{"rendered":"<p>OstroVit Methyl B &#8211; kompleks u teku\u0107ini<\/p>\n<p>OstroVit Pharma Methyl B-Complex Kids &#8211; bogatstvo vitamina B stvoreno za najmla\u0111e, pogodno za upotrebu ve\u0107 kod djece od jedne godine starosti.<br \/>\nVitamini B skupine su spojevi topivi u vodi koji se moraju kontinuirano opskrbljivati tijelom, jer ih tijelo nije u stanju prirodno sintetizirati. \u010cesto se nalaze u hrani \u2013 nalaze se u su\u0161enim mahunarkama, mlijeku i mlije\u010dnim proizvodima, izme\u0111u ostalog, kao i u jajima, ora\u0161astim plodovima, vo\u0107u, povr\u0107u ili kvascu. Vitamini B skupine uklju\u010duju spojeve kao \u0161to su tiamin (vitamin B1), riboflavin (vitamin B2), niacin (vitamin B3), pantotenska kiselina (vitamin B5), piridoksin (vitamin B6), biotin (vitamin B7), folna kiselina (vitamin B9) i kobalamin (vitamin B12).  <\/p>\n<p>Dodatak prehrani OstroVit Pharma Methyl B-Complex Kids koristi najupijaju\u0107e i bioraspolo\u017eive oblike spojeva, \u0161to pripravak \u010dini vrijednim izvorom vrijednih mikronutrijenata.<\/p>\n<p>Methyl B-Complex Kids izvor je vitamina B skupine, koji uglavnom doprinose odr\u017eavanju normalnog energetskog metabolizma i poma\u017eu u pravilnom funkcioniranju \u017eiv\u010danog sustava. Uz to, vitamini B1, B3 i B12 podr\u017eavaju odr\u017eavanje normalnih psiholo\u0161kih funkcija. Spojevi koji pripadaju vitaminima B, poput riboflavina i niacina, doprinose smanjenju osje\u0107aja umora i iscrpljenosti. Biotin podr\u017eava odr\u017eavanje normalnog metabolizma makronutrijenata i poma\u017ee u odr\u017eavanju zdrave kose i ko\u017ee, dok tiamin podr\u017eava normalan rad srca. Osim toga, pantotenska kiselina poma\u017ee u odr\u017eavanju mentalnih performansi na normalnoj razini.    <\/p>\n","protected":false},"excerpt":{"rendered":"<p>Methyl B-Complex Kids je dodatak prehrani namijenjen najmla\u0111ima, jer je izvor najvi\u0161e apsorbiranih oblika vitamina B skupine.<\/p>\n","protected":false},"featured_media":61582,"comment_status":"open","ping_status":"closed","template":"","meta":[],"etheme_brands":[{"term_id":6242,"name":"Ostrovit","slug":"ostrovit-hr","term_group":0,"term_taxonomy_id":6242,"taxonomy":"brand","description":"","parent":0,"count":6,"filter":"raw"}],"product_brand":[],"product_cat":[3882,5426],"product_tag":[6368,6277,6276,6369,6372,6370,6365],"class_list":{"0":"post-69559","1":"product","2":"type-product","3":"status-publish","4":"has-post-thumbnail","6":"brand-ostrovit-hr","7":"product_cat-novo-u-ponudi","8":"product_cat-protein-hr","9":"product_tag-djeca-hr","10":"product_tag-hladan","11":"product_tag-imunoloski-sustav-hr","12":"product_tag-probiotik-hr","13":"product_tag-vitamini-b-skupine","14":"product_tag-zdravlje-djece","15":"product_tag-zivcani-sustav-hr","17":"first","18":"outofstock","19":"taxable","20":"shipping-taxable","21":"purchasable","22":"product-type-simple"},"_links":{"self":[{"href":"https:\/\/fmed.eu\/hr\/wp-json\/wp\/v2\/product\/69559","targetHints":{"allow":["GET"]}}],"collection":[{"href":"https:\/\/fmed.eu\/hr\/wp-json\/wp\/v2\/product"}],"about":[{"href":"https:\/\/fmed.eu\/hr\/wp-json\/wp\/v2\/types\/product"}],"replies":[{"embeddable":true,"href":"https:\/\/fmed.eu\/hr\/wp-json\/wp\/v2\/comments?post=69559"}],"version-history":[{"count":0,"href":"https:\/\/fmed.eu\/hr\/wp-json\/wp\/v2\/product\/69559\/revisions"}],"wp:featuredmedia":[{"embeddable":true,"href":"https:\/\/fmed.eu\/hr\/wp-json\/wp\/v2\/media\/61582"}],"wp:attachment":[{"href":"https:\/\/fmed.eu\/hr\/wp-json\/wp\/v2\/media?parent=69559"}],"wp:term":[{"taxonomy":"brand","embeddable":true,"href":"https:\/\/fmed.eu\/hr\/wp-json\/wp\/v2\/etheme_brands?post=69559"},{"taxonomy":"product_brand","embeddable":true,"href":"https:\/\/fmed.eu\/hr\/wp-json\/wp\/v2\/product_brand?post=69559"},{"taxonomy":"product_cat","embeddable":true,"href":"https:\/\/fmed.eu\/hr\/wp-json\/wp\/v2\/product_cat?post=69559"},{"taxonomy":"product_tag","embeddable":true,"href":"https:\/\/fmed.eu\/hr\/wp-json\/wp\/v2\/product_tag?post=69559"}],"curies":[{"name":"wp","href":"https:\/\/api.w.org\/{rel}","templated":true}]}}