{"id":69565,"date":"2024-10-09T07:27:34","date_gmt":"2024-10-09T05:27:34","guid":{"rendered":"https:\/\/fmed.eu\/izdelek\/ostrovit-vitamin-b1-tiamin-60-kapsula\/"},"modified":"2024-10-09T07:27:34","modified_gmt":"2024-10-09T05:27:34","slug":"ostrovit-vitamin-b1-tiamin-60-kapsula","status":"publish","type":"product","link":"https:\/\/fmed.eu\/hr\/proizvod\/ostrovit-vitamin-b1-tiamin-60-kapsula\/","title":{"rendered":"OstroVit Vitamin B1 Tiamin, 60 kapsula"},"content":{"rendered":"<p>OstroVit Vitamin B1 tiamin, 60 kapsula<\/p>\n<p>OstroVit Vitamin B1 tiamin \u2013 vrijedan izvor vrijednih mikronutrijenata<\/p>\n<p>Vitamin B1, poznat i kao tiamin, sastojak je topiv u vodi koji pripada vitaminima skupine B. To je spoj koji se nalazi u mnogim uobi\u010dajeno dostupnim prehrambenim proizvodima, ali vrijedi zapamtiti da je sadr\u017eaj tiamina u hrani relativno nizak. Prirodni izvori vitamina B1 su meso, riba, kao i p\u0161eni\u010dne klice, pahuljice cjelovitih \u017eitarica i suhe mahunarke. OstroVit koristi tiamin klorid, odnosno kemijski dostupan oblik spoja, koji pozitivno utje\u010de na kvalitetu i u\u010dinkovitost suplementacije.  <\/p>\n<p>Svojstva sastojaka sadr\u017eanih u OstroVit Vitamin B1 Tiamin<br \/>\nTiamin Tiamin doprinose odr\u017eavanju pravilnog energetskog metabolizma, a tako\u0111er poma\u017eu u pravilnom funkcioniranju \u017eiv\u010danog sustava. Osim toga, vitamin B1 podr\u017eava odr\u017eavanje optimalnih psiholo\u0161kih funkcija i poma\u017ee u pravilnom funkcioniranju srca. <\/p>\n<p>Glavne funkcije vitamina B1 (tiamin) :<\/p>\n<p>Podr\u0161ka metabolizmu: Tiamin djeluje kao koenzim u nekoliko enzimskih sustava, prvenstveno kao dio enzima tiamin pirofosfata, koji je uklju\u010den u metabolizam glukoze i ugljikohidrata. Poma\u017ee u pretvaranju ugljikohidrata u energiju, \u0161to je klju\u010dno za stani\u010dne funkcije. <\/p>\n<p>Zdravlje \u017eiv\u010danog sustava: Tiamin doprinosi pravilnom funkcioniranju \u017eiv\u010danog sustava. Neophodan je za sintezu neurotransmitera poput acetilkolina, koji je neophodan za prijenos signala izme\u0111u \u017eiv\u010danih stanica. <\/p>\n<p>Podr\u0161ka srcu i mi\u0161i\u0107ima: Tiamin tako\u0111er utje\u010de na srce i mi\u0161i\u0107e, jer sudjeluje u odr\u017eavanju pravilnog funkcioniranja sr\u010danog mi\u0161i\u0107a i pobolj\u0161anju funkcije mi\u0161i\u0107a tijekom vje\u017ebanja i napora.<\/p>\n","protected":false},"excerpt":{"rendered":"<div class=\"flex-1 overflow-hidden\">\n<div class=\"react-scroll-to-bottom--css-nopuk-79elbk h-full\">\n<div class=\"react-scroll-to-bottom--css-nopuk-1n7m0yu\">\n<div class=\"flex flex-col text-sm pb-9\">\n<div class=\"w-full text-token-text-primary\" data-testid=\"conversation-turn-57\">\n<div class=\"px-4 py-2 justify-center text-base md:gap-6 m-auto\">\n<div class=\"flex flex-1 text-base mx-auto gap-3 md:px-5 lg:px-1 xl:px-5 md:max-w-3xl lg:max-w-[40rem] xl:max-w-[48rem] group final-completion\">\n<div class=\"relative flex w-full flex-col agent-turn\">\n<div class=\"flex-col gap-1 md:gap-3\">\n<div class=\"flex flex-grow flex-col max-w-full\">\n<div class=\"min-h-[20px] text-message flex flex-col items-start gap-3 whitespace-pre-wrap break-words [.text-message+&amp;]:mt-5 overflow-x-auto\" data-message-author-role=\"assistant\" data-message-id=\"e880c37a-1f7a-4d6b-81eb-7b49bbc06d38\">\n<div class=\"markdown prose w-full break-words dark:prose-invert dark\">\n<p>Tiamin doprinosi odr\u017eavanju pravilnog metabolizma energije, a tako\u0111er poma\u017ee u pravilnom funkcioniranju \u017eiv\u010danog sustava. Osim toga, vitamin B1 podr\u017eava odr\u017eavanje optimalnih psiholo\u0161kih funkcija i poma\u017ee u pravilnom funkcioniranju srca. <\/p>\n<\/div>\n<\/div>\n<\/div>\n<div class=\"mt-1 flex justify-start gap-3 empty:hidden\">\n<div class=\"text-gray-400 flex self-end lg:self-center items-center justify-center lg:justify-start mt-0 -ml-1 h-7 gap-[2px] visible\">\n<div class=\"flex items-center gap-1.5 text-xs\"><\/div>\n<div class=\"flex\"><\/div>\n<\/div>\n<\/div>\n<div class=\"pr-2 lg:pr-0\"><\/div>\n<\/div>\n<\/div>\n<\/div>\n<\/div>\n<\/div>\n<\/div>\n<\/div>\n<\/div>\n<\/div>\n<div class=\"w-full pt-2 md:pt-0 dark:border-white\/20 md:border-transparent md:dark:border-transparent md:w-[calc(100%-.5rem)]\">\n<form class=\"stretch mx-2 flex flex-row gap-3 last:mb-2 md:mx-4 md:last:mb-6 lg:mx-auto lg:max-w-2xl xl:max-w-3xl\">\n<div class=\"relative flex h-full flex-1 flex-col\">\n<div class=\"flex w-full items-center\"><\/div>\n<\/div>\n<\/form>\n<\/div>\n","protected":false},"featured_media":61546,"comment_status":"open","ping_status":"closed","template":"","meta":[],"etheme_brands":[{"term_id":6242,"name":"Ostrovit","slug":"ostrovit-hr","term_group":0,"term_taxonomy_id":6242,"taxonomy":"brand","description":"","parent":0,"count":6,"filter":"raw"}],"product_brand":[],"product_cat":[3882,3832,3829],"product_tag":[6375,6259,6374,6376,6278,6365],"class_list":{"0":"post-69565","1":"product","2":"type-product","3":"status-publish","4":"has-post-thumbnail","6":"brand-ostrovit-hr","7":"product_cat-novo-u-ponudi","8":"product_cat-podrska-za-srce-i-krvne-zile","9":"product_cat-vitamini-i-minerali","10":"product_tag-metabolizam-hr","11":"product_tag-misici-hr","12":"product_tag-srce-hr","13":"product_tag-vitamin-b1-hr","14":"product_tag-zdravlje","15":"product_tag-zivcani-sustav-hr","17":"first","18":"outofstock","19":"taxable","20":"shipping-taxable","21":"purchasable","22":"product-type-simple"},"_links":{"self":[{"href":"https:\/\/fmed.eu\/hr\/wp-json\/wp\/v2\/product\/69565","targetHints":{"allow":["GET"]}}],"collection":[{"href":"https:\/\/fmed.eu\/hr\/wp-json\/wp\/v2\/product"}],"about":[{"href":"https:\/\/fmed.eu\/hr\/wp-json\/wp\/v2\/types\/product"}],"replies":[{"embeddable":true,"href":"https:\/\/fmed.eu\/hr\/wp-json\/wp\/v2\/comments?post=69565"}],"version-history":[{"count":0,"href":"https:\/\/fmed.eu\/hr\/wp-json\/wp\/v2\/product\/69565\/revisions"}],"wp:featuredmedia":[{"embeddable":true,"href":"https:\/\/fmed.eu\/hr\/wp-json\/wp\/v2\/media\/61546"}],"wp:attachment":[{"href":"https:\/\/fmed.eu\/hr\/wp-json\/wp\/v2\/media?parent=69565"}],"wp:term":[{"taxonomy":"brand","embeddable":true,"href":"https:\/\/fmed.eu\/hr\/wp-json\/wp\/v2\/etheme_brands?post=69565"},{"taxonomy":"product_brand","embeddable":true,"href":"https:\/\/fmed.eu\/hr\/wp-json\/wp\/v2\/product_brand?post=69565"},{"taxonomy":"product_cat","embeddable":true,"href":"https:\/\/fmed.eu\/hr\/wp-json\/wp\/v2\/product_cat?post=69565"},{"taxonomy":"product_tag","embeddable":true,"href":"https:\/\/fmed.eu\/hr\/wp-json\/wp\/v2\/product_tag?post=69565"}],"curies":[{"name":"wp","href":"https:\/\/api.w.org\/{rel}","templated":true}]}}