{"id":69766,"date":"2025-08-29T07:30:18","date_gmt":"2025-08-29T05:30:18","guid":{"rendered":"https:\/\/fmed.eu\/?post_type=product&#038;p=69766"},"modified":"2026-03-06T08:39:55","modified_gmt":"2026-03-06T06:39:55","slug":"klean-labs-l-glutamin-v-prahu-500g","status":"publish","type":"product","link":"https:\/\/fmed.eu\/hr\/proizvod\/klean-labs-l-glutamin-v-prahu-500g\/","title":{"rendered":"Klean Labs, L glutamin v prahu, 500g"},"content":{"rendered":"<p>Klean Labs L-Glutamin vsebuje 100 % \u010disti L-glutamin v prahu, brez dodatkov, sladil ali umetnih barvil. Glutamin je pogojno esencialna aminokislina, ki podpira regeneracijo mi\u0161ic, zdravje \u010drevesne sluznice in optimalno delovanje imunskega sistema. Posebej je pomemben za \u0161portnike, aktivne posameznike in vse, ki so pod pove\u010danim fizi\u010dnim ali psihi\u010dnim stresom.<\/p>\n<p>Prednosti Klean Labs L-Glutamina:<\/p>\n<ul>\n<li>Pospe\u0161uje regeneracijo mi\u0161ic po intenzivni vadbi<\/li>\n<li>Podpira zdravje \u010drevesne sluznice in prebavni sistem<\/li>\n<li>Krepi imunski odziv v obdobjih obremenitev<\/li>\n<li>\u010cista formula \u2013 brez sladkorja, glutena, laktoze, umetnih dodatkov<\/li>\n<li>Primeren za vegane in vegetarijance<\/li>\n<\/ul>\n","protected":false},"excerpt":{"rendered":"<p>Klean Labs L-Glutamin \u2013 \u010disti prah za podporo mi\u0161i\u010dni regeneraciji, imunskemu sistemu in zdravju \u010drevesja. Brez umetnih dodatkov, veganski, premium kakovost.<\/p>\n","protected":false},"featured_media":69767,"comment_status":"open","ping_status":"closed","template":"","meta":[],"etheme_brands":[{"term_id":6422,"name":"Klean Labs","slug":"klean-labs","term_group":0,"term_taxonomy_id":6422,"taxonomy":"brand","description":"","parent":0,"count":1,"filter":"raw"}],"product_brand":[],"product_cat":[3875,5385],"product_tag":[6428,6424,6423,6425,6426,6427],"class_list":{"0":"post-69766","1":"product","2":"type-product","3":"status-publish","4":"has-post-thumbnail","6":"brand-klean-labs","7":"product_cat-novo-v-ponudbi","8":"product_cat-sportna-prehrana-regeneracija","9":"product_tag-imunska-podpora","10":"product_tag-klean-labs-glutamin","11":"product_tag-l-glutamin-prah","12":"product_tag-prehransko-dopolnilo-za-sportnike","13":"product_tag-regeneracija-misic","14":"product_tag-zdravje-crevesja","16":"first","17":"instock","18":"taxable","19":"shipping-taxable","20":"purchasable","21":"product-type-simple"},"_links":{"self":[{"href":"https:\/\/fmed.eu\/hr\/wp-json\/wp\/v2\/product\/69766","targetHints":{"allow":["GET"]}}],"collection":[{"href":"https:\/\/fmed.eu\/hr\/wp-json\/wp\/v2\/product"}],"about":[{"href":"https:\/\/fmed.eu\/hr\/wp-json\/wp\/v2\/types\/product"}],"replies":[{"embeddable":true,"href":"https:\/\/fmed.eu\/hr\/wp-json\/wp\/v2\/comments?post=69766"}],"version-history":[{"count":2,"href":"https:\/\/fmed.eu\/hr\/wp-json\/wp\/v2\/product\/69766\/revisions"}],"predecessor-version":[{"id":69783,"href":"https:\/\/fmed.eu\/hr\/wp-json\/wp\/v2\/product\/69766\/revisions\/69783"}],"wp:featuredmedia":[{"embeddable":true,"href":"https:\/\/fmed.eu\/hr\/wp-json\/wp\/v2\/media\/69767"}],"wp:attachment":[{"href":"https:\/\/fmed.eu\/hr\/wp-json\/wp\/v2\/media?parent=69766"}],"wp:term":[{"taxonomy":"brand","embeddable":true,"href":"https:\/\/fmed.eu\/hr\/wp-json\/wp\/v2\/etheme_brands?post=69766"},{"taxonomy":"product_brand","embeddable":true,"href":"https:\/\/fmed.eu\/hr\/wp-json\/wp\/v2\/product_brand?post=69766"},{"taxonomy":"product_cat","embeddable":true,"href":"https:\/\/fmed.eu\/hr\/wp-json\/wp\/v2\/product_cat?post=69766"},{"taxonomy":"product_tag","embeddable":true,"href":"https:\/\/fmed.eu\/hr\/wp-json\/wp\/v2\/product_tag?post=69766"}],"curies":[{"name":"wp","href":"https:\/\/api.w.org\/{rel}","templated":true}]}}